{"id":5961,"date":"2019-07-15T18:33:32","date_gmt":"2019-07-15T16:33:32","guid":{"rendered":"https:\/\/nouveau.seacork.fr\/?post_type=product&#038;p=5961"},"modified":"2025-08-04T22:38:18","modified_gmt":"2025-08-04T20:38:18","slug":"kit-douche","status":"publish","type":"product","link":"https:\/\/seacork.com\/en\/boutique\/kits-de-douche-antiderapants-liege\/kit-douche","title":{"rendered":"80 x 80 self-adhesive shower anti-slip kit"},"content":{"rendered":"<p>La plupart des accidents chez les personnes \u00e2g\u00e9es est la chute dans la douche ou les baignoires.<br \/>\nn&rsquo;attendez pas le drame pour y songer !<br \/>\nVotre douche est glissante une fois mouill\u00e9e, la solution est le kit!<br \/>\nCela vous permet de s\u00e9curiser vos douches sans avoir \u00e0 tout changer.<br \/>\nUn adh\u00e9sif mousse d&rsquo;un millim\u00e8tre d&rsquo;\u00e9paisseur permet d&rsquo;absorber les petits reliefs.<\/p>","protected":false},"excerpt":{"rendered":"<p>The kit is delivered in natural cardboard packaging for a greener, more virtuous approach.<br \/>\nOn the printed side, there is a pre-cut installation template to help position the various parts.<br \/>\nFrench and English instructions are included for easy installation.<\/p>\n<p>Well-being and safety for all, without forgetting natural comfort.<\/p>\n<p>This shower kit contains a template for installation, pre-cut on the carton.<br \/>\nThis will help you to install it on the shower surface.<br \/>\nWe choose brown pack more green.<\/p>\n<p>Naturally comfortable, but let us be safe under shower.<\/p>","protected":false},"featured_media":5964,"comment_status":"open","ping_status":"closed","template":"","meta":{"inline_featured_image":false},"product_brand":[],"product_cat":[134],"product_tag":[],"class_list":{"0":"post-5961","1":"product","2":"type-product","3":"status-publish","4":"has-post-thumbnail","6":"product_cat-kits-de-douche-antiderapants-liege","8":"first","9":"instock","10":"taxable","11":"shipping-taxable","12":"purchasable","13":"product-type-simple"},"yoast_head":"<!-- This site is optimized with the Yoast SEO plugin v27.6 - https:\/\/yoast.com\/product\/yoast-seo-wordpress\/ -->\n<title>Kit antid\u00e9rapant pour douche 80 x 80 auto-adh\u00e9sif - seacork %<\/title>\n<meta name=\"description\" content=\"Kit pret \u00e0 poser pour douche, antid\u00e9rapant, li\u00e8ge, anti-bacterien, entretien facile. Kit ready to stick for Shower, anti-slippery, easy to clean.\" \/>\n<meta name=\"robots\" content=\"index, follow, max-snippet:-1, max-image-preview:large, max-video-preview:-1\" \/>\n<link rel=\"canonical\" href=\"https:\/\/seacork.com\/en\/boutique\/kits-de-douche-antiderapants-liege\/kit-douche\/\" \/>\n<meta property=\"og:locale\" content=\"en_GB\" \/>\n<meta property=\"og:type\" content=\"article\" \/>\n<meta property=\"og:title\" content=\"Kit antid\u00e9rapant pour douche 80 x 80 auto-adh\u00e9sif - seacork %\" \/>\n<meta property=\"og:description\" content=\"Kit pret \u00e0 poser pour douche, antid\u00e9rapant, li\u00e8ge, anti-bacterien, entretien facile. Kit ready to stick for Shower, anti-slippery, easy to clean.\" \/>\n<meta property=\"og:url\" content=\"https:\/\/seacork.com\/en\/boutique\/kits-de-douche-antiderapants-liege\/kit-douche\/\" \/>\n<meta property=\"og:site_name\" content=\"seacork\" \/>\n<meta property=\"article:modified_time\" content=\"2025-08-04T20:38:18+00:00\" \/>\n<meta property=\"og:image\" content=\"https:\/\/seacork.com\/wp-content\/uploads\/2019\/07\/20150930_185948-1024x768.jpg\" \/>\n\t<meta property=\"og:image:width\" content=\"1024\" \/>\n\t<meta property=\"og:image:height\" content=\"768\" \/>\n\t<meta property=\"og:image:type\" content=\"image\/jpeg\" \/>\n<meta name=\"twitter:card\" content=\"summary_large_image\" \/>\n<meta name=\"twitter:label1\" content=\"Estimated reading time\" \/>\n\t<meta name=\"twitter:data1\" content=\"1 minute\" \/>\n<script type=\"application\/ld+json\" class=\"yoast-schema-graph\">{\"@context\":\"https:\\\/\\\/schema.org\",\"@graph\":[{\"@type\":\"WebPage\",\"@id\":\"https:\\\/\\\/seacork.com\\\/boutique\\\/kits-de-douche-antiderapants-liege\\\/kit-douche\",\"url\":\"https:\\\/\\\/seacork.com\\\/boutique\\\/kits-de-douche-antiderapants-liege\\\/kit-douche\",\"name\":\"Kit antid\u00e9rapant pour douche 80 x 80 auto-adh\u00e9sif - seacork %\",\"isPartOf\":{\"@id\":\"https:\\\/\\\/seacork.com\\\/#website\"},\"primaryImageOfPage\":{\"@id\":\"https:\\\/\\\/seacork.com\\\/boutique\\\/kits-de-douche-antiderapants-liege\\\/kit-douche#primaryimage\"},\"image\":{\"@id\":\"https:\\\/\\\/seacork.com\\\/boutique\\\/kits-de-douche-antiderapants-liege\\\/kit-douche#primaryimage\"},\"thumbnailUrl\":\"https:\\\/\\\/seacork.com\\\/wp-content\\\/uploads\\\/2019\\\/07\\\/20150930_185948.jpg\",\"datePublished\":\"2019-07-15T16:33:32+00:00\",\"dateModified\":\"2025-08-04T20:38:18+00:00\",\"description\":\"Kit pret \u00e0 poser pour douche, antid\u00e9rapant, li\u00e8ge, anti-bacterien, entretien facile. Kit ready to stick for Shower, anti-slippery, easy to clean.\",\"breadcrumb\":{\"@id\":\"https:\\\/\\\/seacork.com\\\/boutique\\\/kits-de-douche-antiderapants-liege\\\/kit-douche#breadcrumb\"},\"inLanguage\":\"en-GB\",\"potentialAction\":[{\"@type\":\"ReadAction\",\"target\":[\"https:\\\/\\\/seacork.com\\\/boutique\\\/kits-de-douche-antiderapants-liege\\\/kit-douche\"]}]},{\"@type\":\"ImageObject\",\"inLanguage\":\"en-GB\",\"@id\":\"https:\\\/\\\/seacork.com\\\/boutique\\\/kits-de-douche-antiderapants-liege\\\/kit-douche#primaryimage\",\"url\":\"https:\\\/\\\/seacork.com\\\/wp-content\\\/uploads\\\/2019\\\/07\\\/20150930_185948.jpg\",\"contentUrl\":\"https:\\\/\\\/seacork.com\\\/wp-content\\\/uploads\\\/2019\\\/07\\\/20150930_185948.jpg\",\"width\":3264,\"height\":2448},{\"@type\":\"BreadcrumbList\",\"@id\":\"https:\\\/\\\/seacork.com\\\/boutique\\\/kits-de-douche-antiderapants-liege\\\/kit-douche#breadcrumb\",\"itemListElement\":[{\"@type\":\"ListItem\",\"position\":1,\"name\":\"Accueil\",\"item\":\"https:\\\/\\\/seacork.com\\\/\"},{\"@type\":\"ListItem\",\"position\":2,\"name\":\"Produits\",\"item\":\"https:\\\/\\\/seacork.com\\\/boutique__trashed\"},{\"@type\":\"ListItem\",\"position\":3,\"name\":\"Kit antid\u00e9rapant pour douche 80 x 80 auto-adh\u00e9sif\"}]},{\"@type\":\"WebSite\",\"@id\":\"https:\\\/\\\/seacork.com\\\/#website\",\"url\":\"https:\\\/\\\/seacork.com\\\/\",\"name\":\"seacork\",\"description\":\"Solutions en li\u00e8ge-Isolation et Antid\u00e9rapant-Nautique Vans Habitat\",\"potentialAction\":[{\"@type\":\"SearchAction\",\"target\":{\"@type\":\"EntryPoint\",\"urlTemplate\":\"https:\\\/\\\/seacork.com\\\/?s={search_term_string}\"},\"query-input\":{\"@type\":\"PropertyValueSpecification\",\"valueRequired\":true,\"valueName\":\"search_term_string\"}}],\"inLanguage\":\"en-GB\"}]}<\/script>\n<!-- \/ Yoast SEO plugin. -->","yoast_head_json":{"title":"Kit antid\u00e9rapant pour douche 80 x 80 auto-adh\u00e9sif - seacork %","description":"Kit pret \u00e0 poser pour douche, antid\u00e9rapant, li\u00e8ge, anti-bacterien, entretien facile. Kit ready to stick for Shower, anti-slippery, easy to clean.","robots":{"index":"index","follow":"follow","max-snippet":"max-snippet:-1","max-image-preview":"max-image-preview:large","max-video-preview":"max-video-preview:-1"},"canonical":"https:\/\/seacork.com\/en\/boutique\/kits-de-douche-antiderapants-liege\/kit-douche\/","og_locale":"en_GB","og_type":"article","og_title":"Kit antid\u00e9rapant pour douche 80 x 80 auto-adh\u00e9sif - seacork %","og_description":"Kit pret \u00e0 poser pour douche, antid\u00e9rapant, li\u00e8ge, anti-bacterien, entretien facile. Kit ready to stick for Shower, anti-slippery, easy to clean.","og_url":"https:\/\/seacork.com\/en\/boutique\/kits-de-douche-antiderapants-liege\/kit-douche\/","og_site_name":"seacork","article_modified_time":"2025-08-04T20:38:18+00:00","og_image":[{"width":1024,"height":768,"url":"https:\/\/seacork.com\/wp-content\/uploads\/2019\/07\/20150930_185948-1024x768.jpg","type":"image\/jpeg"}],"twitter_card":"summary_large_image","twitter_misc":{"Estimated reading time":"1 minute"},"schema":{"@context":"https:\/\/schema.org","@graph":[{"@type":"WebPage","@id":"https:\/\/seacork.com\/boutique\/kits-de-douche-antiderapants-liege\/kit-douche","url":"https:\/\/seacork.com\/boutique\/kits-de-douche-antiderapants-liege\/kit-douche","name":"Kit antid\u00e9rapant pour douche 80 x 80 auto-adh\u00e9sif - seacork %","isPartOf":{"@id":"https:\/\/seacork.com\/#website"},"primaryImageOfPage":{"@id":"https:\/\/seacork.com\/boutique\/kits-de-douche-antiderapants-liege\/kit-douche#primaryimage"},"image":{"@id":"https:\/\/seacork.com\/boutique\/kits-de-douche-antiderapants-liege\/kit-douche#primaryimage"},"thumbnailUrl":"https:\/\/seacork.com\/wp-content\/uploads\/2019\/07\/20150930_185948.jpg","datePublished":"2019-07-15T16:33:32+00:00","dateModified":"2025-08-04T20:38:18+00:00","description":"Kit pret \u00e0 poser pour douche, antid\u00e9rapant, li\u00e8ge, anti-bacterien, entretien facile. Kit ready to stick for Shower, anti-slippery, easy to clean.","breadcrumb":{"@id":"https:\/\/seacork.com\/boutique\/kits-de-douche-antiderapants-liege\/kit-douche#breadcrumb"},"inLanguage":"en-GB","potentialAction":[{"@type":"ReadAction","target":["https:\/\/seacork.com\/boutique\/kits-de-douche-antiderapants-liege\/kit-douche"]}]},{"@type":"ImageObject","inLanguage":"en-GB","@id":"https:\/\/seacork.com\/boutique\/kits-de-douche-antiderapants-liege\/kit-douche#primaryimage","url":"https:\/\/seacork.com\/wp-content\/uploads\/2019\/07\/20150930_185948.jpg","contentUrl":"https:\/\/seacork.com\/wp-content\/uploads\/2019\/07\/20150930_185948.jpg","width":3264,"height":2448},{"@type":"BreadcrumbList","@id":"https:\/\/seacork.com\/boutique\/kits-de-douche-antiderapants-liege\/kit-douche#breadcrumb","itemListElement":[{"@type":"ListItem","position":1,"name":"Accueil","item":"https:\/\/seacork.com\/"},{"@type":"ListItem","position":2,"name":"Produits","item":"https:\/\/seacork.com\/boutique__trashed"},{"@type":"ListItem","position":3,"name":"Kit antid\u00e9rapant pour douche 80 x 80 auto-adh\u00e9sif"}]},{"@type":"WebSite","@id":"https:\/\/seacork.com\/#website","url":"https:\/\/seacork.com\/","name":"seacork","description":"Solutions en li\u00e8ge-Isolation et Antid\u00e9rapant-Nautique Vans Habitat","potentialAction":[{"@type":"SearchAction","target":{"@type":"EntryPoint","urlTemplate":"https:\/\/seacork.com\/?s={search_term_string}"},"query-input":{"@type":"PropertyValueSpecification","valueRequired":true,"valueName":"search_term_string"}}],"inLanguage":"en-GB"}]}},"_links":{"self":[{"href":"https:\/\/seacork.com\/en\/wp-json\/wp\/v2\/product\/5961","targetHints":{"allow":["GET"]}}],"collection":[{"href":"https:\/\/seacork.com\/en\/wp-json\/wp\/v2\/product"}],"about":[{"href":"https:\/\/seacork.com\/en\/wp-json\/wp\/v2\/types\/product"}],"replies":[{"embeddable":true,"href":"https:\/\/seacork.com\/en\/wp-json\/wp\/v2\/comments?post=5961"}],"wp:featuredmedia":[{"embeddable":true,"href":"https:\/\/seacork.com\/en\/wp-json\/wp\/v2\/media\/5964"}],"wp:attachment":[{"href":"https:\/\/seacork.com\/en\/wp-json\/wp\/v2\/media?parent=5961"}],"wp:term":[{"taxonomy":"product_brand","embeddable":true,"href":"https:\/\/seacork.com\/en\/wp-json\/wp\/v2\/product_brand?post=5961"},{"taxonomy":"product_cat","embeddable":true,"href":"https:\/\/seacork.com\/en\/wp-json\/wp\/v2\/product_cat?post=5961"},{"taxonomy":"product_tag","embeddable":true,"href":"https:\/\/seacork.com\/en\/wp-json\/wp\/v2\/product_tag?post=5961"}],"curies":[{"name":"wp","href":"https:\/\/api.w.org\/{rel}","templated":true}]}}