{"id":4919,"date":"2019-02-14T11:03:51","date_gmt":"2019-02-14T10:03:51","guid":{"rendered":"https:\/\/nouveau.seacork.fr\/?post_type=product&#038;p=4919"},"modified":"2025-09-16T16:52:17","modified_gmt":"2025-09-16T14:52:17","slug":"plaques-rainurees","status":"publish","type":"product","link":"https:\/\/seacork.com\/en\/boutique\/pont-liege-antiderapant\/plaques-rainurees","title":{"rendered":"Grooved cork sheets"},"content":{"rendered":"<p>[et_pb_section fb_built=\u00a0\u00bb1&Prime; _builder_version=\u00a0\u00bb4.16&Prime; custom_padding=\u00a0\u00bb0px||||false|false\u00a0\u00bb global_colors_info=\u00a0\u00bb{}\u00a0\u00bb][et_pb_row _builder_version=\u00a0\u00bb4.16&Prime; background_size=\u00a0\u00bbinitial\u00a0\u00bb background_position=\u00a0\u00bbtop_left\u00a0\u00bb background_repeat=\u00a0\u00bbrepeat\u00a0\u00bb width=\u00a0\u00bb100%\u00a0\u00bb custom_padding=\u00a0\u00bb0px||0px||false|false\u00a0\u00bb global_colors_info=\u00a0\u00bb{}\u00a0\u00bb][et_pb_column type=\u00a0\u00bb4_4&Prime; _builder_version=\u00a0\u00bb4.16&Prime; custom_padding=\u00a0\u00bb|||\u00a0\u00bb global_colors_info=\u00a0\u00bb{}\u00a0\u00bb custom_padding__hover=\u00a0\u00bb|||\u00a0\u00bb][et_pb_wc_breadcrumb _builder_version=\u00a0\u00bb4.16&Prime; global_colors_info=\u00a0\u00bb{}\u00a0\u00bb][\/et_pb_wc_breadcrumb][et_pb_wc_cart_notice _builder_version=\u00a0\u00bb4.16&Prime; global_colors_info=\u00a0\u00bb{}\u00a0\u00bb][\/et_pb_wc_cart_notice][\/et_pb_column][\/et_pb_row][et_pb_row column_structure=\u00a0\u00bb1_2,1_2&Prime; _builder_version=\u00a0\u00bb4.16&Prime; background_size=\u00a0\u00bbinitial\u00a0\u00bb background_position=\u00a0\u00bbtop_left\u00a0\u00bb background_repeat=\u00a0\u00bbrepeat\u00a0\u00bb width=\u00a0\u00bb100%\u00a0\u00bb custom_padding=\u00a0\u00bb0px||||false|false\u00a0\u00bb global_colors_info=\u00a0\u00bb{}\u00a0\u00bb][et_pb_column type=\u00a0\u00bb1_2&Prime; _builder_version=\u00a0\u00bb4.16&Prime; custom_padding=\u00a0\u00bb|||\u00a0\u00bb global_colors_info=\u00a0\u00bb{}\u00a0\u00bb custom_padding__hover=\u00a0\u00bb|||\u00a0\u00bb][et_pb_wc_images _builder_version=\u00a0\u00bb4.16&Prime; global_colors_info=\u00a0\u00bb{}\u00a0\u00bb][\/et_pb_wc_images][\/et_pb_column][et_pb_column type=\u00a0\u00bb1_2&Prime; _builder_version=\u00a0\u00bb4.16&Prime; custom_padding=\u00a0\u00bb|||\u00a0\u00bb global_colors_info=\u00a0\u00bb{}\u00a0\u00bb custom_padding__hover=\u00a0\u00bb|||\u00a0\u00bb][et_pb_wc_title _builder_version=\u00a0\u00bb4.16&Prime; global_colors_info=\u00a0\u00bb{}\u00a0\u00bb][\/et_pb_wc_title][et_pb_wc_rating _builder_version=\u00a0\u00bb4.16&Prime; global_colors_info=\u00a0\u00bb{}\u00a0\u00bb][\/et_pb_wc_rating][et_pb_wc_price _builder_version=\u00a0\u00bb4.16&Prime; global_colors_info=\u00a0\u00bb{}\u00a0\u00bb][\/et_pb_wc_price][et_pb_wc_description _builder_version=\u00a0\u00bb4.16&Prime; global_colors_info=\u00a0\u00bb{}\u00a0\u00bb][\/et_pb_wc_description][et_pb_wc_add_to_cart _builder_version=\u00a0\u00bb4.16&Prime; global_colors_info=\u00a0\u00bb{}\u00a0\u00bb][\/et_pb_wc_add_to_cart][et_pb_wc_meta _builder_version=\u00a0\u00bb4.16&Prime; global_colors_info=\u00a0\u00bb{}\u00a0\u00bb][\/et_pb_wc_meta][\/et_pb_column][\/et_pb_row][et_pb_row _builder_version=\u00a0\u00bb4.16&Prime; background_size=\u00a0\u00bbinitial\u00a0\u00bb background_position=\u00a0\u00bbtop_left\u00a0\u00bb background_repeat=\u00a0\u00bbrepeat\u00a0\u00bb width=\u00a0\u00bb100%\u00a0\u00bb global_colors_info=\u00a0\u00bb{}\u00a0\u00bb][et_pb_column type=\u00a0\u00bb4_4&Prime; _builder_version=\u00a0\u00bb4.16&Prime; custom_padding=\u00a0\u00bb|||\u00a0\u00bb global_colors_info=\u00a0\u00bb{}\u00a0\u00bb custom_padding__hover=\u00a0\u00bb|||\u00a0\u00bb][et_pb_wc_tabs _builder_version=\u00a0\u00bb4.16&Prime; global_colors_info=\u00a0\u00bb{}\u00a0\u00bb] [\/et_pb_wc_tabs][et_pb_wc_upsells _builder_version=\u00a0\u00bb4.16&Prime; global_colors_info=\u00a0\u00bb{}\u00a0\u00bb][\/et_pb_wc_upsells][et_pb_wc_related_products _builder_version=\u00a0\u00bb4.16&Prime; global_colors_info=\u00a0\u00bb{}\u00a0\u00bb][\/et_pb_wc_related_products][\/et_pb_column][\/et_pb_row][\/et_pb_section][et_pb_section fb_built=\u00a0\u00bb1&Prime; admin_label=\u00a0\u00bbsection\u00a0\u00bb _builder_version=\u00a0\u00bb4.16&Prime; use_background_color_gradient=\u00a0\u00bbon\u00a0\u00bb background_color_gradient_stops=\u00a0\u00bb#7fbfff 0%|#ededed 100%\u00a0\u00bb background_color_gradient_start=\u00a0\u00bb#7fbfff\u00a0\u00bb background_color_gradient_end=\u00a0\u00bb#ededed\u00a0\u00bb custom_padding=\u00a0\u00bb54px|0px|32px|0px|false|false\u00a0\u00bb global_colors_info=\u00a0\u00bb{}\u00a0\u00bb][et_pb_row admin_label=\u00a0\u00bbrow\u00a0\u00bb _builder_version=\u00a0\u00bb4.16&Prime; background_color=\u00a0\u00bb#ffffff\u00a0\u00bb background_size=\u00a0\u00bbinitial\u00a0\u00bb background_position=\u00a0\u00bbtop_left\u00a0\u00bb background_repeat=\u00a0\u00bbrepeat\u00a0\u00bb custom_padding=\u00a0\u00bb|20px||20px\u00a0\u00bb global_colors_info=\u00a0\u00bb{}\u00a0\u00bb][et_pb_column type=\u00a0\u00bb4_4&Prime; _builder_version=\u00a0\u00bb4.16&Prime; custom_padding=\u00a0\u00bb|||\u00a0\u00bb global_colors_info=\u00a0\u00bb{}\u00a0\u00bb custom_padding__hover=\u00a0\u00bb|||\u00a0\u00bb][et_pb_text admin_label=\u00a0\u00bbText\u00a0\u00bb _builder_version=\u00a0\u00bb4.16&Prime; background_size=\u00a0\u00bbinitial\u00a0\u00bb background_position=\u00a0\u00bbtop_left\u00a0\u00bb background_repeat=\u00a0\u00bbrepeat\u00a0\u00bb global_colors_info=\u00a0\u00bb{}\u00a0\u00bb]Plaques de li\u00e8ge <strong>grooved <\/strong>with dimensions of 2000 mm x 500 mm.<\/p>\n<p>Choose between <strong>3 layers<\/strong> and <strong>4 widths or numbers of slats per panel.<\/strong><\/p>\n<p>[\/et_pb_text][\/et_pb_column][\/et_pb_row][\/et_pb_section]<\/p>","protected":false},"excerpt":{"rendered":"<p>Cork sheets <strong>grooved <\/strong>with dimensions of 2000 mm x 500 mm.<\/p>\n<p>Choose between <strong>3 layers<\/strong> and <strong>4 widths or numbers of slats per panel.<br \/>\n<\/strong><\/p>\n<p>For use on boat decks, swimming pool surrounds or shower floors, this floor covering has been proving its worth for almost 20 years,<\/p>\n<p>The glue is sold separately in our shop:\u00a0<a href=\"https:\/\/seacork.com\/en\/boutique\/douche-antiderapant-liege-securite\/colle-polymere\/\">here<\/a><\/p>","protected":false},"featured_media":15363,"comment_status":"open","ping_status":"closed","template":"","meta":{"inline_featured_image":false},"product_brand":[],"product_cat":[35],"product_tag":[],"class_list":{"0":"post-4919","1":"product","2":"type-product","3":"status-publish","4":"has-post-thumbnail","6":"product_cat-pont-liege-antiderapant","8":"first","9":"instock","10":"taxable","11":"shipping-taxable","12":"purchasable","13":"product-type-variable"},"yoast_head":"<!-- This site is optimized with the Yoast SEO plugin v27.5 - https:\/\/yoast.com\/product\/yoast-seo-wordpress\/ -->\n<title>Plaques de li\u00e8ge rainur\u00e9es - seacork<\/title>\n<meta name=\"description\" content=\"Plaques en li\u00e8ge de Seacork Deck rainur\u00e9es pour les ponts de bateaux, en remplacement du Teck, refit yachting, utilisable en sol de douche et tout milieu humide. Grooved sheet for boat decking, shower or pools.\" \/>\n<meta name=\"robots\" content=\"index, follow, max-snippet:-1, max-image-preview:large, max-video-preview:-1\" \/>\n<link rel=\"canonical\" href=\"https:\/\/seacork.com\/en\/boutique\/pont-liege-antiderapant\/plaques-rainurees\/\" \/>\n<meta property=\"og:locale\" content=\"en_GB\" \/>\n<meta property=\"og:type\" content=\"article\" \/>\n<meta property=\"og:title\" content=\"Plaques de li\u00e8ge rainur\u00e9es - seacork\" \/>\n<meta property=\"og:description\" content=\"Plaques en li\u00e8ge de Seacork Deck rainur\u00e9es pour les ponts de bateaux, en remplacement du Teck, refit yachting, utilisable en sol de douche et tout milieu humide. Grooved sheet for boat decking, shower or pools.\" \/>\n<meta property=\"og:url\" content=\"https:\/\/seacork.com\/en\/boutique\/pont-liege-antiderapant\/plaques-rainurees\/\" \/>\n<meta property=\"og:site_name\" content=\"seacork\" \/>\n<meta property=\"article:modified_time\" content=\"2025-09-16T14:52:17+00:00\" \/>\n<meta property=\"og:image\" content=\"https:\/\/seacork.com\/wp-content\/uploads\/2019\/02\/original-rainure-scaled.jpg\" \/>\n\t<meta property=\"og:image:width\" content=\"2560\" \/>\n\t<meta property=\"og:image:height\" content=\"1920\" \/>\n\t<meta property=\"og:image:type\" content=\"image\/jpeg\" \/>\n<meta name=\"twitter:card\" content=\"summary_large_image\" \/>\n<meta name=\"twitter:label1\" content=\"Estimated reading time\" \/>\n\t<meta name=\"twitter:data1\" content=\"1 minute\" \/>\n<script type=\"application\/ld+json\" class=\"yoast-schema-graph\">{\"@context\":\"https:\\\/\\\/schema.org\",\"@graph\":[{\"@type\":\"WebPage\",\"@id\":\"https:\\\/\\\/seacork.com\\\/boutique\\\/pont-liege-antiderapant\\\/plaques-rainurees\",\"url\":\"https:\\\/\\\/seacork.com\\\/boutique\\\/pont-liege-antiderapant\\\/plaques-rainurees\",\"name\":\"Plaques de li\u00e8ge rainur\u00e9es - seacork\",\"isPartOf\":{\"@id\":\"https:\\\/\\\/seacork.com\\\/#website\"},\"primaryImageOfPage\":{\"@id\":\"https:\\\/\\\/seacork.com\\\/boutique\\\/pont-liege-antiderapant\\\/plaques-rainurees#primaryimage\"},\"image\":{\"@id\":\"https:\\\/\\\/seacork.com\\\/boutique\\\/pont-liege-antiderapant\\\/plaques-rainurees#primaryimage\"},\"thumbnailUrl\":\"https:\\\/\\\/seacork.com\\\/wp-content\\\/uploads\\\/2019\\\/02\\\/original-rainure-scaled.jpg\",\"datePublished\":\"2019-02-14T10:03:51+00:00\",\"dateModified\":\"2025-09-16T14:52:17+00:00\",\"description\":\"Plaques en li\u00e8ge de Seacork Deck rainur\u00e9es pour les ponts de bateaux, en remplacement du Teck, refit yachting, utilisable en sol de douche et tout milieu humide. Grooved sheet for boat decking, shower or pools.\",\"breadcrumb\":{\"@id\":\"https:\\\/\\\/seacork.com\\\/boutique\\\/pont-liege-antiderapant\\\/plaques-rainurees#breadcrumb\"},\"inLanguage\":\"en-GB\",\"potentialAction\":[{\"@type\":\"ReadAction\",\"target\":[\"https:\\\/\\\/seacork.com\\\/boutique\\\/pont-liege-antiderapant\\\/plaques-rainurees\"]}]},{\"@type\":\"ImageObject\",\"inLanguage\":\"en-GB\",\"@id\":\"https:\\\/\\\/seacork.com\\\/boutique\\\/pont-liege-antiderapant\\\/plaques-rainurees#primaryimage\",\"url\":\"https:\\\/\\\/seacork.com\\\/wp-content\\\/uploads\\\/2019\\\/02\\\/original-rainure-scaled.jpg\",\"contentUrl\":\"https:\\\/\\\/seacork.com\\\/wp-content\\\/uploads\\\/2019\\\/02\\\/original-rainure-scaled.jpg\",\"width\":2560,\"height\":1920},{\"@type\":\"BreadcrumbList\",\"@id\":\"https:\\\/\\\/seacork.com\\\/boutique\\\/pont-liege-antiderapant\\\/plaques-rainurees#breadcrumb\",\"itemListElement\":[{\"@type\":\"ListItem\",\"position\":1,\"name\":\"Accueil\",\"item\":\"https:\\\/\\\/seacork.com\\\/\"},{\"@type\":\"ListItem\",\"position\":2,\"name\":\"Produits\",\"item\":\"https:\\\/\\\/seacork.com\\\/boutique__trashed\"},{\"@type\":\"ListItem\",\"position\":3,\"name\":\"Plaques de li\u00e8ge rainur\u00e9es\"}]},{\"@type\":\"WebSite\",\"@id\":\"https:\\\/\\\/seacork.com\\\/#website\",\"url\":\"https:\\\/\\\/seacork.com\\\/\",\"name\":\"seacork\",\"description\":\"Solutions en li\u00e8ge-Isolation et Antid\u00e9rapant-Nautique Vans Habitat\",\"potentialAction\":[{\"@type\":\"SearchAction\",\"target\":{\"@type\":\"EntryPoint\",\"urlTemplate\":\"https:\\\/\\\/seacork.com\\\/?s={search_term_string}\"},\"query-input\":{\"@type\":\"PropertyValueSpecification\",\"valueRequired\":true,\"valueName\":\"search_term_string\"}}],\"inLanguage\":\"en-GB\"}]}<\/script>\n<!-- \/ Yoast SEO plugin. -->","yoast_head_json":{"title":"Plaques de li\u00e8ge rainur\u00e9es - seacork","description":"Plaques en li\u00e8ge de Seacork Deck rainur\u00e9es pour les ponts de bateaux, en remplacement du Teck, refit yachting, utilisable en sol de douche et tout milieu humide. Grooved sheet for boat decking, shower or pools.","robots":{"index":"index","follow":"follow","max-snippet":"max-snippet:-1","max-image-preview":"max-image-preview:large","max-video-preview":"max-video-preview:-1"},"canonical":"https:\/\/seacork.com\/en\/boutique\/pont-liege-antiderapant\/plaques-rainurees\/","og_locale":"en_GB","og_type":"article","og_title":"Plaques de li\u00e8ge rainur\u00e9es - seacork","og_description":"Plaques en li\u00e8ge de Seacork Deck rainur\u00e9es pour les ponts de bateaux, en remplacement du Teck, refit yachting, utilisable en sol de douche et tout milieu humide. Grooved sheet for boat decking, shower or pools.","og_url":"https:\/\/seacork.com\/en\/boutique\/pont-liege-antiderapant\/plaques-rainurees\/","og_site_name":"seacork","article_modified_time":"2025-09-16T14:52:17+00:00","og_image":[{"width":2560,"height":1920,"url":"https:\/\/seacork.com\/wp-content\/uploads\/2019\/02\/original-rainure-scaled.jpg","type":"image\/jpeg"}],"twitter_card":"summary_large_image","twitter_misc":{"Estimated reading time":"1 minute"},"schema":{"@context":"https:\/\/schema.org","@graph":[{"@type":"WebPage","@id":"https:\/\/seacork.com\/boutique\/pont-liege-antiderapant\/plaques-rainurees","url":"https:\/\/seacork.com\/boutique\/pont-liege-antiderapant\/plaques-rainurees","name":"Plaques de li\u00e8ge rainur\u00e9es - seacork","isPartOf":{"@id":"https:\/\/seacork.com\/#website"},"primaryImageOfPage":{"@id":"https:\/\/seacork.com\/boutique\/pont-liege-antiderapant\/plaques-rainurees#primaryimage"},"image":{"@id":"https:\/\/seacork.com\/boutique\/pont-liege-antiderapant\/plaques-rainurees#primaryimage"},"thumbnailUrl":"https:\/\/seacork.com\/wp-content\/uploads\/2019\/02\/original-rainure-scaled.jpg","datePublished":"2019-02-14T10:03:51+00:00","dateModified":"2025-09-16T14:52:17+00:00","description":"Plaques en li\u00e8ge de Seacork Deck rainur\u00e9es pour les ponts de bateaux, en remplacement du Teck, refit yachting, utilisable en sol de douche et tout milieu humide. Grooved sheet for boat decking, shower or pools.","breadcrumb":{"@id":"https:\/\/seacork.com\/boutique\/pont-liege-antiderapant\/plaques-rainurees#breadcrumb"},"inLanguage":"en-GB","potentialAction":[{"@type":"ReadAction","target":["https:\/\/seacork.com\/boutique\/pont-liege-antiderapant\/plaques-rainurees"]}]},{"@type":"ImageObject","inLanguage":"en-GB","@id":"https:\/\/seacork.com\/boutique\/pont-liege-antiderapant\/plaques-rainurees#primaryimage","url":"https:\/\/seacork.com\/wp-content\/uploads\/2019\/02\/original-rainure-scaled.jpg","contentUrl":"https:\/\/seacork.com\/wp-content\/uploads\/2019\/02\/original-rainure-scaled.jpg","width":2560,"height":1920},{"@type":"BreadcrumbList","@id":"https:\/\/seacork.com\/boutique\/pont-liege-antiderapant\/plaques-rainurees#breadcrumb","itemListElement":[{"@type":"ListItem","position":1,"name":"Accueil","item":"https:\/\/seacork.com\/"},{"@type":"ListItem","position":2,"name":"Produits","item":"https:\/\/seacork.com\/boutique__trashed"},{"@type":"ListItem","position":3,"name":"Plaques de li\u00e8ge rainur\u00e9es"}]},{"@type":"WebSite","@id":"https:\/\/seacork.com\/#website","url":"https:\/\/seacork.com\/","name":"seacork","description":"Solutions en li\u00e8ge-Isolation et Antid\u00e9rapant-Nautique Vans Habitat","potentialAction":[{"@type":"SearchAction","target":{"@type":"EntryPoint","urlTemplate":"https:\/\/seacork.com\/?s={search_term_string}"},"query-input":{"@type":"PropertyValueSpecification","valueRequired":true,"valueName":"search_term_string"}}],"inLanguage":"en-GB"}]}},"_links":{"self":[{"href":"https:\/\/seacork.com\/en\/wp-json\/wp\/v2\/product\/4919","targetHints":{"allow":["GET"]}}],"collection":[{"href":"https:\/\/seacork.com\/en\/wp-json\/wp\/v2\/product"}],"about":[{"href":"https:\/\/seacork.com\/en\/wp-json\/wp\/v2\/types\/product"}],"replies":[{"embeddable":true,"href":"https:\/\/seacork.com\/en\/wp-json\/wp\/v2\/comments?post=4919"}],"wp:featuredmedia":[{"embeddable":true,"href":"https:\/\/seacork.com\/en\/wp-json\/wp\/v2\/media\/15363"}],"wp:attachment":[{"href":"https:\/\/seacork.com\/en\/wp-json\/wp\/v2\/media?parent=4919"}],"wp:term":[{"taxonomy":"product_brand","embeddable":true,"href":"https:\/\/seacork.com\/en\/wp-json\/wp\/v2\/product_brand?post=4919"},{"taxonomy":"product_cat","embeddable":true,"href":"https:\/\/seacork.com\/en\/wp-json\/wp\/v2\/product_cat?post=4919"},{"taxonomy":"product_tag","embeddable":true,"href":"https:\/\/seacork.com\/en\/wp-json\/wp\/v2\/product_tag?post=4919"}],"curies":[{"name":"wp","href":"https:\/\/api.w.org\/{rel}","templated":true}]}}