{"id":3262,"date":"2018-11-06T16:00:55","date_gmt":"2018-11-06T15:00:55","guid":{"rendered":"https:\/\/nouveau.seacork.fr\/?post_type=product&#038;p=3262"},"modified":"2025-08-04T22:27:15","modified_gmt":"2025-08-04T20:27:15","slug":"seacork-wall-014","status":"publish","type":"product","link":"https:\/\/seacork.com\/en\/boutique\/liege-murs-facade\/seacork-wall-014","title":{"rendered":"Sprayed cork Seacork wall SG-014 12 Kg"},"content":{"rendered":"<p>12 kg jar of natural spray cork<br \/>\n12 kg bucket cork to spray natural base<\/p>","protected":false},"excerpt":{"rendered":"<p>12 kg tub of Seacork wall sprayed cork for waterproofing your facade.<br \/>\nWith its unrivalled adhesion to all types of surface, your wall can continue to breathe while being protected from the elements.<br \/>\n12 kg bucket, seacork wall, is the best product to spray on your house. It is waterproof but it still breathes. It can be applied to any surface.<\/p>\n<p>Estimated consumption per pot:<br \/>\nyou can do by bucket<\/p>\n<ul>\n<li>at\u00a0<strong>two<\/strong>\u00a0layers =\u00a0<strong>6 m\u00b2 for 2 layer<\/strong><\/li>\n<li>at<strong>\u00a0three<\/strong>\u00a0layers =\u00a0\u00a0<strong>4 m\u00b2 for 3 layer<\/strong><\/li>\n<\/ul>\n<div class=\"theliades\">\n<p><strong>Seacork wall <\/strong>natural spray cork (natural base SG-014 - can be tinted with our pigments - (<a href=\"https:\/\/seacork.stagewordpress.fr\/wp-content\/uploads\/2018\/11\/Nuancier-Seacork-liege-projete.jpg\">&gt; colour chart<\/a>)<br \/>\n<strong>Thermal insulation<\/strong>\u00a0and\u00a0<strong>acoustics<\/strong>,\u00a0<strong>waterproofing<\/strong>,\u00a0<strong>anti-humidity<\/strong>sealant and adhesive.<br \/>\n<strong>Seacork wall <\/strong>cork to spray (natural base SG-014 - you can choose different colour with our additive pigment- (<a href=\"https:\/\/seacork.stagewordpress.fr\/wp-content\/uploads\/2018\/11\/Nuancier-Seacork-liege-projete.jpg\">&gt; colour chart<\/a>)<br \/>\n<strong>Thermal and sound insulation<\/strong>,\u00a0<strong>waterproof<\/strong>,\u00a0<strong>anti-humidity<\/strong>adhesive on any surface.<\/p>\n<\/div>","protected":false},"featured_media":2611,"comment_status":"open","ping_status":"closed","template":"","meta":{"inline_featured_image":false},"product_brand":[],"product_cat":[29],"product_tag":[],"class_list":{"0":"post-3262","1":"product","2":"type-product","3":"status-publish","4":"has-post-thumbnail","6":"product_cat-liege-murs-facade","8":"first","9":"instock","10":"taxable","11":"shipping-taxable","12":"purchasable","13":"product-type-simple"},"yoast_head":"<!-- This site is optimized with the Yoast SEO plugin v27.5 - https:\/\/yoast.com\/product\/yoast-seo-wordpress\/ -->\n<title>Pot de li\u00e8ge projet\u00e9 Seacork wall SG-014 12 Kg - seacork<\/title>\n<meta name=\"description\" content=\"Pot de li\u00e8ge projet\u00e9 id\u00e9ale pour le ravalement de votre fa\u00e7ade. imperm\u00e9abilisant et perspirant. Cork spray for your house, waterproof but it still breathes\" \/>\n<meta name=\"robots\" content=\"index, follow, max-snippet:-1, max-image-preview:large, max-video-preview:-1\" \/>\n<link rel=\"canonical\" href=\"https:\/\/seacork.com\/en\/boutique\/liege-murs-facade\/seacork-wall-014\/\" \/>\n<meta property=\"og:locale\" content=\"en_GB\" \/>\n<meta property=\"og:type\" content=\"article\" \/>\n<meta property=\"og:title\" content=\"Pot de li\u00e8ge projet\u00e9 Seacork wall SG-014 12 Kg - seacork\" \/>\n<meta property=\"og:description\" content=\"Pot de li\u00e8ge projet\u00e9 id\u00e9ale pour le ravalement de votre fa\u00e7ade. imperm\u00e9abilisant et perspirant. Cork spray for your house, waterproof but it still breathes\" \/>\n<meta property=\"og:url\" content=\"https:\/\/seacork.com\/en\/boutique\/liege-murs-facade\/seacork-wall-014\/\" \/>\n<meta property=\"og:site_name\" content=\"seacork\" \/>\n<meta property=\"article:modified_time\" content=\"2025-08-04T20:27:15+00:00\" \/>\n<meta property=\"og:image\" content=\"https:\/\/seacork.com\/wp-content\/uploads\/2018\/10\/wall-e1540552324572.png\" \/>\n\t<meta property=\"og:image:width\" content=\"434\" \/>\n\t<meta property=\"og:image:height\" content=\"509\" \/>\n\t<meta property=\"og:image:type\" content=\"image\/png\" \/>\n<meta name=\"twitter:card\" content=\"summary_large_image\" \/>\n<meta name=\"twitter:label1\" content=\"Estimated reading time\" \/>\n\t<meta name=\"twitter:data1\" content=\"1 minute\" \/>\n<script type=\"application\/ld+json\" class=\"yoast-schema-graph\">{\"@context\":\"https:\\\/\\\/schema.org\",\"@graph\":[{\"@type\":\"WebPage\",\"@id\":\"https:\\\/\\\/seacork.com\\\/boutique\\\/liege-murs-facade\\\/seacork-wall-014\",\"url\":\"https:\\\/\\\/seacork.com\\\/boutique\\\/liege-murs-facade\\\/seacork-wall-014\",\"name\":\"Pot de li\u00e8ge projet\u00e9 Seacork wall SG-014 12 Kg - seacork\",\"isPartOf\":{\"@id\":\"https:\\\/\\\/seacork.com\\\/#website\"},\"primaryImageOfPage\":{\"@id\":\"https:\\\/\\\/seacork.com\\\/boutique\\\/liege-murs-facade\\\/seacork-wall-014#primaryimage\"},\"image\":{\"@id\":\"https:\\\/\\\/seacork.com\\\/boutique\\\/liege-murs-facade\\\/seacork-wall-014#primaryimage\"},\"thumbnailUrl\":\"https:\\\/\\\/seacork.com\\\/wp-content\\\/uploads\\\/2018\\\/10\\\/wall-e1540552324572.png\",\"datePublished\":\"2018-11-06T15:00:55+00:00\",\"dateModified\":\"2025-08-04T20:27:15+00:00\",\"description\":\"Pot de li\u00e8ge projet\u00e9 id\u00e9ale pour le ravalement de votre fa\u00e7ade. imperm\u00e9abilisant et perspirant. Cork spray for your house, waterproof but it still breathes\",\"breadcrumb\":{\"@id\":\"https:\\\/\\\/seacork.com\\\/boutique\\\/liege-murs-facade\\\/seacork-wall-014#breadcrumb\"},\"inLanguage\":\"en-GB\",\"potentialAction\":[{\"@type\":\"ReadAction\",\"target\":[\"https:\\\/\\\/seacork.com\\\/boutique\\\/liege-murs-facade\\\/seacork-wall-014\"]}]},{\"@type\":\"ImageObject\",\"inLanguage\":\"en-GB\",\"@id\":\"https:\\\/\\\/seacork.com\\\/boutique\\\/liege-murs-facade\\\/seacork-wall-014#primaryimage\",\"url\":\"https:\\\/\\\/seacork.com\\\/wp-content\\\/uploads\\\/2018\\\/10\\\/wall-e1540552324572.png\",\"contentUrl\":\"https:\\\/\\\/seacork.com\\\/wp-content\\\/uploads\\\/2018\\\/10\\\/wall-e1540552324572.png\",\"width\":434,\"height\":509},{\"@type\":\"BreadcrumbList\",\"@id\":\"https:\\\/\\\/seacork.com\\\/boutique\\\/liege-murs-facade\\\/seacork-wall-014#breadcrumb\",\"itemListElement\":[{\"@type\":\"ListItem\",\"position\":1,\"name\":\"Accueil\",\"item\":\"https:\\\/\\\/seacork.com\\\/\"},{\"@type\":\"ListItem\",\"position\":2,\"name\":\"Produits\",\"item\":\"https:\\\/\\\/seacork.com\\\/boutique__trashed\"},{\"@type\":\"ListItem\",\"position\":3,\"name\":\"Pot de li\u00e8ge projet\u00e9 Seacork wall SG-014 12 Kg\"}]},{\"@type\":\"WebSite\",\"@id\":\"https:\\\/\\\/seacork.com\\\/#website\",\"url\":\"https:\\\/\\\/seacork.com\\\/\",\"name\":\"seacork\",\"description\":\"Solutions en li\u00e8ge-Isolation et Antid\u00e9rapant-Nautique Vans Habitat\",\"potentialAction\":[{\"@type\":\"SearchAction\",\"target\":{\"@type\":\"EntryPoint\",\"urlTemplate\":\"https:\\\/\\\/seacork.com\\\/?s={search_term_string}\"},\"query-input\":{\"@type\":\"PropertyValueSpecification\",\"valueRequired\":true,\"valueName\":\"search_term_string\"}}],\"inLanguage\":\"en-GB\"}]}<\/script>\n<!-- \/ Yoast SEO plugin. -->","yoast_head_json":{"title":"Pot de li\u00e8ge projet\u00e9 Seacork wall SG-014 12 Kg - seacork","description":"Pot de li\u00e8ge projet\u00e9 id\u00e9ale pour le ravalement de votre fa\u00e7ade. imperm\u00e9abilisant et perspirant. Cork spray for your house, waterproof but it still breathes","robots":{"index":"index","follow":"follow","max-snippet":"max-snippet:-1","max-image-preview":"max-image-preview:large","max-video-preview":"max-video-preview:-1"},"canonical":"https:\/\/seacork.com\/en\/boutique\/liege-murs-facade\/seacork-wall-014\/","og_locale":"en_GB","og_type":"article","og_title":"Pot de li\u00e8ge projet\u00e9 Seacork wall SG-014 12 Kg - seacork","og_description":"Pot de li\u00e8ge projet\u00e9 id\u00e9ale pour le ravalement de votre fa\u00e7ade. imperm\u00e9abilisant et perspirant. Cork spray for your house, waterproof but it still breathes","og_url":"https:\/\/seacork.com\/en\/boutique\/liege-murs-facade\/seacork-wall-014\/","og_site_name":"seacork","article_modified_time":"2025-08-04T20:27:15+00:00","og_image":[{"width":434,"height":509,"url":"https:\/\/seacork.com\/wp-content\/uploads\/2018\/10\/wall-e1540552324572.png","type":"image\/png"}],"twitter_card":"summary_large_image","twitter_misc":{"Estimated reading time":"1 minute"},"schema":{"@context":"https:\/\/schema.org","@graph":[{"@type":"WebPage","@id":"https:\/\/seacork.com\/boutique\/liege-murs-facade\/seacork-wall-014","url":"https:\/\/seacork.com\/boutique\/liege-murs-facade\/seacork-wall-014","name":"Pot de li\u00e8ge projet\u00e9 Seacork wall SG-014 12 Kg - seacork","isPartOf":{"@id":"https:\/\/seacork.com\/#website"},"primaryImageOfPage":{"@id":"https:\/\/seacork.com\/boutique\/liege-murs-facade\/seacork-wall-014#primaryimage"},"image":{"@id":"https:\/\/seacork.com\/boutique\/liege-murs-facade\/seacork-wall-014#primaryimage"},"thumbnailUrl":"https:\/\/seacork.com\/wp-content\/uploads\/2018\/10\/wall-e1540552324572.png","datePublished":"2018-11-06T15:00:55+00:00","dateModified":"2025-08-04T20:27:15+00:00","description":"Pot de li\u00e8ge projet\u00e9 id\u00e9ale pour le ravalement de votre fa\u00e7ade. imperm\u00e9abilisant et perspirant. Cork spray for your house, waterproof but it still breathes","breadcrumb":{"@id":"https:\/\/seacork.com\/boutique\/liege-murs-facade\/seacork-wall-014#breadcrumb"},"inLanguage":"en-GB","potentialAction":[{"@type":"ReadAction","target":["https:\/\/seacork.com\/boutique\/liege-murs-facade\/seacork-wall-014"]}]},{"@type":"ImageObject","inLanguage":"en-GB","@id":"https:\/\/seacork.com\/boutique\/liege-murs-facade\/seacork-wall-014#primaryimage","url":"https:\/\/seacork.com\/wp-content\/uploads\/2018\/10\/wall-e1540552324572.png","contentUrl":"https:\/\/seacork.com\/wp-content\/uploads\/2018\/10\/wall-e1540552324572.png","width":434,"height":509},{"@type":"BreadcrumbList","@id":"https:\/\/seacork.com\/boutique\/liege-murs-facade\/seacork-wall-014#breadcrumb","itemListElement":[{"@type":"ListItem","position":1,"name":"Accueil","item":"https:\/\/seacork.com\/"},{"@type":"ListItem","position":2,"name":"Produits","item":"https:\/\/seacork.com\/boutique__trashed"},{"@type":"ListItem","position":3,"name":"Pot de li\u00e8ge projet\u00e9 Seacork wall SG-014 12 Kg"}]},{"@type":"WebSite","@id":"https:\/\/seacork.com\/#website","url":"https:\/\/seacork.com\/","name":"seacork","description":"Solutions en li\u00e8ge-Isolation et Antid\u00e9rapant-Nautique Vans Habitat","potentialAction":[{"@type":"SearchAction","target":{"@type":"EntryPoint","urlTemplate":"https:\/\/seacork.com\/?s={search_term_string}"},"query-input":{"@type":"PropertyValueSpecification","valueRequired":true,"valueName":"search_term_string"}}],"inLanguage":"en-GB"}]}},"_links":{"self":[{"href":"https:\/\/seacork.com\/en\/wp-json\/wp\/v2\/product\/3262","targetHints":{"allow":["GET"]}}],"collection":[{"href":"https:\/\/seacork.com\/en\/wp-json\/wp\/v2\/product"}],"about":[{"href":"https:\/\/seacork.com\/en\/wp-json\/wp\/v2\/types\/product"}],"replies":[{"embeddable":true,"href":"https:\/\/seacork.com\/en\/wp-json\/wp\/v2\/comments?post=3262"}],"wp:featuredmedia":[{"embeddable":true,"href":"https:\/\/seacork.com\/en\/wp-json\/wp\/v2\/media\/2611"}],"wp:attachment":[{"href":"https:\/\/seacork.com\/en\/wp-json\/wp\/v2\/media?parent=3262"}],"wp:term":[{"taxonomy":"product_brand","embeddable":true,"href":"https:\/\/seacork.com\/en\/wp-json\/wp\/v2\/product_brand?post=3262"},{"taxonomy":"product_cat","embeddable":true,"href":"https:\/\/seacork.com\/en\/wp-json\/wp\/v2\/product_cat?post=3262"},{"taxonomy":"product_tag","embeddable":true,"href":"https:\/\/seacork.com\/en\/wp-json\/wp\/v2\/product_tag?post=3262"}],"curies":[{"name":"wp","href":"https:\/\/api.w.org\/{rel}","templated":true}]}}