{"id":3261,"date":"2018-11-06T15:58:24","date_gmt":"2018-11-06T14:58:24","guid":{"rendered":"https:\/\/nouveau.seacork.fr\/?post_type=product&#038;p=3261"},"modified":"2025-08-04T22:30:00","modified_gmt":"2025-08-04T20:30:00","slug":"seacork-vans-007","status":"publish","type":"product","link":"https:\/\/seacork.com\/en\/boutique\/utilitaires-vans-camping-cars\/seacork-vans-007","title":{"rendered":"Seacork Van sprayed cork SG-007 13.8 Kg"},"content":{"rendered":"<p>13.8 kg pot of sprayed cork, white base<br \/>\n13.8 kg bucket cork to spray white base<\/p>","protected":false},"excerpt":{"rendered":"<p>13.8 kg jar of Seacork Van sprayed cork for the<strong>thin insulation<\/strong>\u00a0of your <b>Van or camper van<\/b>.<br \/>\ncreate a genuine thermal bridge barrier<br \/>\n13,8 kg bucket, seacork Van, is the best product to spray in your Van to stop condensation. It can be applied on any surface.<\/p>\n<p>Estimated consumption per pot:<br \/>\nyou can do by bucket<\/p>\n<ul>\n<li>at\u00a0<strong>two<\/strong>\u00a0layers =\u00a0<strong>6 m\u00b2 for 2 layer<\/strong><\/li>\n<li>at<strong>\u00a0three<\/strong>\u00a0layers =\u00a0\u00a0<strong>4 m\u00b2 for 3 layer<\/strong><\/li>\n<\/ul>\n<div class=\"theliades\">\n<p><strong>Seacork Van <\/strong>off-white spray cork (white base SG-007 - can be tinted with our pigments - (<a href=\"https:\/\/seacork.stagewordpress.fr\/wp-content\/uploads\/2018\/11\/Nuancier-Seacork-liege-projete.jpg\">&gt; colour chart<\/a>)<br \/>\n<strong>Thermal insulation<\/strong>\u00a0and\u00a0<strong>acoustics<\/strong>, <b>eliminates the ros\u00e9 point <\/b>sealant and adhesive.<br \/>\n<strong>Seacork Van <\/strong>cork to spray (white base SG-007 - you can choose different colour with our additive pigment- (<a href=\"https:\/\/seacork.stagewordpress.fr\/wp-content\/uploads\/2018\/11\/Nuancier-Seacork-liege-projete.jpg\">&gt; colour chart<\/a>)<br \/>\n<strong>Thermal and sound insulation<\/strong>,\u00a0<strong>waterproof<\/strong>,\u00a0<strong>anti-humidity<\/strong>adhesive on any surface.<\/p>\n<\/div>","protected":false},"featured_media":3097,"comment_status":"open","ping_status":"closed","template":"","meta":{"inline_featured_image":false},"product_brand":[],"product_cat":[31],"product_tag":[],"class_list":{"0":"post-3261","1":"product","2":"type-product","3":"status-publish","4":"has-post-thumbnail","6":"product_cat-utilitaires-vans-camping-cars","8":"first","9":"instock","10":"taxable","11":"shipping-taxable","12":"purchasable","13":"product-type-simple"},"yoast_head":"<!-- This site is optimized with the Yoast SEO plugin v27.5 - https:\/\/yoast.com\/product\/yoast-seo-wordpress\/ -->\n<title>Pot de li\u00e8ge projet\u00e9 Seacork Van SG-007 13.8 Kg - seacork<\/title>\n<meta name=\"description\" content=\"Liege projet\u00e9 base blanche pour rupture de pont thermique dans les vans. White base bucket to spray cork inside van and prevent humidity\" \/>\n<meta name=\"robots\" content=\"index, follow, max-snippet:-1, max-image-preview:large, max-video-preview:-1\" \/>\n<link rel=\"canonical\" href=\"https:\/\/seacork.com\/en\/boutique\/utilitaires-vans-camping-cars\/seacork-vans-007\/\" \/>\n<meta property=\"og:locale\" content=\"en_GB\" \/>\n<meta property=\"og:type\" content=\"article\" \/>\n<meta property=\"og:title\" content=\"Pot de li\u00e8ge projet\u00e9 Seacork Van SG-007 13.8 Kg - seacork\" \/>\n<meta property=\"og:description\" content=\"Liege projet\u00e9 base blanche pour rupture de pont thermique dans les vans. White base bucket to spray cork inside van and prevent humidity\" \/>\n<meta property=\"og:url\" content=\"https:\/\/seacork.com\/en\/boutique\/utilitaires-vans-camping-cars\/seacork-vans-007\/\" \/>\n<meta property=\"og:site_name\" content=\"seacork\" \/>\n<meta property=\"article:modified_time\" content=\"2025-08-04T20:30:00+00:00\" \/>\n<meta property=\"og:image\" content=\"https:\/\/seacork.com\/wp-content\/uploads\/2018\/10\/van400x434x72.png\" \/>\n\t<meta property=\"og:image:width\" content=\"400\" \/>\n\t<meta property=\"og:image:height\" content=\"434\" \/>\n\t<meta property=\"og:image:type\" content=\"image\/png\" \/>\n<meta name=\"twitter:card\" content=\"summary_large_image\" \/>\n<meta name=\"twitter:label1\" content=\"Estimated reading time\" \/>\n\t<meta name=\"twitter:data1\" content=\"1 minute\" \/>\n<script type=\"application\/ld+json\" class=\"yoast-schema-graph\">{\"@context\":\"https:\\\/\\\/schema.org\",\"@graph\":[{\"@type\":\"WebPage\",\"@id\":\"https:\\\/\\\/seacork.com\\\/boutique\\\/utilitaires-vans-camping-cars\\\/seacork-vans-007\",\"url\":\"https:\\\/\\\/seacork.com\\\/boutique\\\/utilitaires-vans-camping-cars\\\/seacork-vans-007\",\"name\":\"Pot de li\u00e8ge projet\u00e9 Seacork Van SG-007 13.8 Kg - seacork\",\"isPartOf\":{\"@id\":\"https:\\\/\\\/seacork.com\\\/#website\"},\"primaryImageOfPage\":{\"@id\":\"https:\\\/\\\/seacork.com\\\/boutique\\\/utilitaires-vans-camping-cars\\\/seacork-vans-007#primaryimage\"},\"image\":{\"@id\":\"https:\\\/\\\/seacork.com\\\/boutique\\\/utilitaires-vans-camping-cars\\\/seacork-vans-007#primaryimage\"},\"thumbnailUrl\":\"https:\\\/\\\/seacork.com\\\/wp-content\\\/uploads\\\/2018\\\/10\\\/van400x434x72.png\",\"datePublished\":\"2018-11-06T14:58:24+00:00\",\"dateModified\":\"2025-08-04T20:30:00+00:00\",\"description\":\"Liege projet\u00e9 base blanche pour rupture de pont thermique dans les vans. White base bucket to spray cork inside van and prevent humidity\",\"breadcrumb\":{\"@id\":\"https:\\\/\\\/seacork.com\\\/boutique\\\/utilitaires-vans-camping-cars\\\/seacork-vans-007#breadcrumb\"},\"inLanguage\":\"en-GB\",\"potentialAction\":[{\"@type\":\"ReadAction\",\"target\":[\"https:\\\/\\\/seacork.com\\\/boutique\\\/utilitaires-vans-camping-cars\\\/seacork-vans-007\"]}]},{\"@type\":\"ImageObject\",\"inLanguage\":\"en-GB\",\"@id\":\"https:\\\/\\\/seacork.com\\\/boutique\\\/utilitaires-vans-camping-cars\\\/seacork-vans-007#primaryimage\",\"url\":\"https:\\\/\\\/seacork.com\\\/wp-content\\\/uploads\\\/2018\\\/10\\\/van400x434x72.png\",\"contentUrl\":\"https:\\\/\\\/seacork.com\\\/wp-content\\\/uploads\\\/2018\\\/10\\\/van400x434x72.png\",\"width\":400,\"height\":434},{\"@type\":\"BreadcrumbList\",\"@id\":\"https:\\\/\\\/seacork.com\\\/boutique\\\/utilitaires-vans-camping-cars\\\/seacork-vans-007#breadcrumb\",\"itemListElement\":[{\"@type\":\"ListItem\",\"position\":1,\"name\":\"Accueil\",\"item\":\"https:\\\/\\\/seacork.com\\\/\"},{\"@type\":\"ListItem\",\"position\":2,\"name\":\"Produits\",\"item\":\"https:\\\/\\\/seacork.com\\\/boutique__trashed\"},{\"@type\":\"ListItem\",\"position\":3,\"name\":\"Pot de li\u00e8ge projet\u00e9 Seacork Van SG-007 13.8 Kg\"}]},{\"@type\":\"WebSite\",\"@id\":\"https:\\\/\\\/seacork.com\\\/#website\",\"url\":\"https:\\\/\\\/seacork.com\\\/\",\"name\":\"seacork\",\"description\":\"Solutions en li\u00e8ge-Isolation et Antid\u00e9rapant-Nautique Vans Habitat\",\"potentialAction\":[{\"@type\":\"SearchAction\",\"target\":{\"@type\":\"EntryPoint\",\"urlTemplate\":\"https:\\\/\\\/seacork.com\\\/?s={search_term_string}\"},\"query-input\":{\"@type\":\"PropertyValueSpecification\",\"valueRequired\":true,\"valueName\":\"search_term_string\"}}],\"inLanguage\":\"en-GB\"}]}<\/script>\n<!-- \/ Yoast SEO plugin. -->","yoast_head_json":{"title":"Pot de li\u00e8ge projet\u00e9 Seacork Van SG-007 13.8 Kg - seacork","description":"Liege projet\u00e9 base blanche pour rupture de pont thermique dans les vans. White base bucket to spray cork inside van and prevent humidity","robots":{"index":"index","follow":"follow","max-snippet":"max-snippet:-1","max-image-preview":"max-image-preview:large","max-video-preview":"max-video-preview:-1"},"canonical":"https:\/\/seacork.com\/en\/boutique\/utilitaires-vans-camping-cars\/seacork-vans-007\/","og_locale":"en_GB","og_type":"article","og_title":"Pot de li\u00e8ge projet\u00e9 Seacork Van SG-007 13.8 Kg - seacork","og_description":"Liege projet\u00e9 base blanche pour rupture de pont thermique dans les vans. White base bucket to spray cork inside van and prevent humidity","og_url":"https:\/\/seacork.com\/en\/boutique\/utilitaires-vans-camping-cars\/seacork-vans-007\/","og_site_name":"seacork","article_modified_time":"2025-08-04T20:30:00+00:00","og_image":[{"width":400,"height":434,"url":"https:\/\/seacork.com\/wp-content\/uploads\/2018\/10\/van400x434x72.png","type":"image\/png"}],"twitter_card":"summary_large_image","twitter_misc":{"Estimated reading time":"1 minute"},"schema":{"@context":"https:\/\/schema.org","@graph":[{"@type":"WebPage","@id":"https:\/\/seacork.com\/boutique\/utilitaires-vans-camping-cars\/seacork-vans-007","url":"https:\/\/seacork.com\/boutique\/utilitaires-vans-camping-cars\/seacork-vans-007","name":"Pot de li\u00e8ge projet\u00e9 Seacork Van SG-007 13.8 Kg - seacork","isPartOf":{"@id":"https:\/\/seacork.com\/#website"},"primaryImageOfPage":{"@id":"https:\/\/seacork.com\/boutique\/utilitaires-vans-camping-cars\/seacork-vans-007#primaryimage"},"image":{"@id":"https:\/\/seacork.com\/boutique\/utilitaires-vans-camping-cars\/seacork-vans-007#primaryimage"},"thumbnailUrl":"https:\/\/seacork.com\/wp-content\/uploads\/2018\/10\/van400x434x72.png","datePublished":"2018-11-06T14:58:24+00:00","dateModified":"2025-08-04T20:30:00+00:00","description":"Liege projet\u00e9 base blanche pour rupture de pont thermique dans les vans. White base bucket to spray cork inside van and prevent humidity","breadcrumb":{"@id":"https:\/\/seacork.com\/boutique\/utilitaires-vans-camping-cars\/seacork-vans-007#breadcrumb"},"inLanguage":"en-GB","potentialAction":[{"@type":"ReadAction","target":["https:\/\/seacork.com\/boutique\/utilitaires-vans-camping-cars\/seacork-vans-007"]}]},{"@type":"ImageObject","inLanguage":"en-GB","@id":"https:\/\/seacork.com\/boutique\/utilitaires-vans-camping-cars\/seacork-vans-007#primaryimage","url":"https:\/\/seacork.com\/wp-content\/uploads\/2018\/10\/van400x434x72.png","contentUrl":"https:\/\/seacork.com\/wp-content\/uploads\/2018\/10\/van400x434x72.png","width":400,"height":434},{"@type":"BreadcrumbList","@id":"https:\/\/seacork.com\/boutique\/utilitaires-vans-camping-cars\/seacork-vans-007#breadcrumb","itemListElement":[{"@type":"ListItem","position":1,"name":"Accueil","item":"https:\/\/seacork.com\/"},{"@type":"ListItem","position":2,"name":"Produits","item":"https:\/\/seacork.com\/boutique__trashed"},{"@type":"ListItem","position":3,"name":"Pot de li\u00e8ge projet\u00e9 Seacork Van SG-007 13.8 Kg"}]},{"@type":"WebSite","@id":"https:\/\/seacork.com\/#website","url":"https:\/\/seacork.com\/","name":"seacork","description":"Solutions en li\u00e8ge-Isolation et Antid\u00e9rapant-Nautique Vans Habitat","potentialAction":[{"@type":"SearchAction","target":{"@type":"EntryPoint","urlTemplate":"https:\/\/seacork.com\/?s={search_term_string}"},"query-input":{"@type":"PropertyValueSpecification","valueRequired":true,"valueName":"search_term_string"}}],"inLanguage":"en-GB"}]}},"_links":{"self":[{"href":"https:\/\/seacork.com\/en\/wp-json\/wp\/v2\/product\/3261","targetHints":{"allow":["GET"]}}],"collection":[{"href":"https:\/\/seacork.com\/en\/wp-json\/wp\/v2\/product"}],"about":[{"href":"https:\/\/seacork.com\/en\/wp-json\/wp\/v2\/types\/product"}],"replies":[{"embeddable":true,"href":"https:\/\/seacork.com\/en\/wp-json\/wp\/v2\/comments?post=3261"}],"wp:featuredmedia":[{"embeddable":true,"href":"https:\/\/seacork.com\/en\/wp-json\/wp\/v2\/media\/3097"}],"wp:attachment":[{"href":"https:\/\/seacork.com\/en\/wp-json\/wp\/v2\/media?parent=3261"}],"wp:term":[{"taxonomy":"product_brand","embeddable":true,"href":"https:\/\/seacork.com\/en\/wp-json\/wp\/v2\/product_brand?post=3261"},{"taxonomy":"product_cat","embeddable":true,"href":"https:\/\/seacork.com\/en\/wp-json\/wp\/v2\/product_cat?post=3261"},{"taxonomy":"product_tag","embeddable":true,"href":"https:\/\/seacork.com\/en\/wp-json\/wp\/v2\/product_tag?post=3261"}],"curies":[{"name":"wp","href":"https:\/\/api.w.org\/{rel}","templated":true}]}}