{"id":3257,"date":"2018-11-06T15:37:52","date_gmt":"2018-11-06T14:37:52","guid":{"rendered":"https:\/\/nouveau.seacork.fr\/?post_type=product&#038;p=3257"},"modified":"2025-09-16T16:57:47","modified_gmt":"2025-09-16T14:57:47","slug":"plaques-calfatees-precaulked-sheets","status":"publish","type":"product","link":"https:\/\/seacork.com\/en\/boutique\/douche-antiderapant-liege-securite\/plaques-calfatees-precaulked-sheets","title":{"rendered":"Caulked plates"},"content":{"rendered":"<p>[et_pb_section fb_built=\"1\u2033 _builder_version=\"4.16\u2033 custom_padding=\"0px||||false|false \" global_colors_info=\"{} \"][et_pb_row _builder_version=\"4.16\u2033 background_size=\"initial \" background_position=\"top_left \" background_repeat=\"repeat \" width=\"100% \" custom_padding=\"0px||0px||false|false \" global_colors_info=\"{} \"][et_pb_column type=\"4_4\u2033 _builder_version=\"4.16\u2033 custom_padding=\"||| \" global_colors_info=\"{} \" custom_padding__hover=\"||| \"][et_pb_wc_breadcrumb _builder_version=\"4.16\u2033 global_colors_info=\"{} \"][\/et_pb_wc_breadcrumb][et_pb_wc_cart_notice _builder_version=\"4.16\u2033 global_colors_info=\"{} \"][\/et_pb_wc_cart_notice][\/et_pb_column][\/et_pb_row][et_pb_row column_structure=\"1_2,1_2\u2033 _builder_version=\"4.16\u2033 background_size=\"initial \" background_position=\"top_left \" background_repeat=\"repeat \" width=\"100% \" custom_padding=\"0px||||false|false \" global_colors_info=\"{} \"][et_pb_column type=\"1_2\u2033 _builder_version=\"4.16\u2033 custom_padding=\"||| \" global_colors_info=\"{} \" custom_padding__hover=\"||| \"][et_pb_wc_images _builder_version=\"4.16\u2033 global_colors_info=\"{} \"][\/et_pb_wc_images][\/et_pb_column][et_pb_column type=\"1_2\u2033 _builder_version=\"4.16\u2033 custom_padding=\"||| \" global_colors_info=\"{} \" custom_padding__hover=\"||| \"][et_pb_wc_title _builder_version=\"4.16\u2033 global_colors_info=\"{} \"][\/et_pb_wc_title][et_pb_wc_rating _builder_version=\"4.16\u2033 global_colors_info=\"{} \"][\/et_pb_wc_rating][et_pb_wc_price _builder_version=\"4.16\u2033 global_colors_info=\"{} \"][\/et_pb_wc_price][et_pb_wc_description _builder_version=\"4.16\u2033 global_colors_info=\"{} \"][\/et_pb_wc_description][et_pb_wc_add_to_cart _builder_version=\"4.16\u2033 global_colors_info=\"{} \"][\/et_pb_wc_add_to_cart][et_pb_wc_meta _builder_version=\"4.16\u2033 global_colors_info=\"{} \"][\/et_pb_wc_meta][\/et_pb_column][\/et_pb_row][et_pb_row _builder_version=\"4.16\u2033 background_size=\"initial \" background_position=\"top_left \" background_repeat=\"repeat \" width=\"100% \" global_colors_info=\"{} \"][et_pb_column type=\"4_4\u2033 _builder_version=\"4.16\u2033 custom_padding=\"||| \" global_colors_info=\"{} \" custom_padding__hover=\"||| \"][et_pb_wc_tabs _builder_version=\"4.16\u2033 global_colors_info=\"{} \"][\/et_pb_wc_tabs][et_pb_wc_upsells _builder_version=\"4.16\u2033 global_colors_info=\"{} \"][\/et_pb_wc_upsells][et_pb_wc_related_products _builder_version=\"4.16\u2033 global_colors_info=\"{} \"][\/et_pb_wc_related_products][\/et_pb_column][\/et_pb_row][\/et_pb_section][et_pb_section fb_built=\"1\u2033 admin_label=\"section \" _builder_version=\"4.16\u2033 use_background_color_gradient=\"on \" background_color_gradient_stops=\"#7fbfff 0%|#eded 100% \" background_color_gradient_start=\"#7fbfff \" background_color_gradient_end=\"#ededed \" custom_padding=\"54px|0px|32px|0px|false|false \" global_colors_info=\"{} \"][et_pb_row admin_label=\"row \" _builder_version=\"4.16\u2033 background_color=\"#ffffff \" background_size=\"initial \" background_position=\"top_left \" background_repeat=\"repeat \" custom_padding=\"|20px||20px \" global_colors_info=\"{} \"][et_pb_column type=\"4_4\u2033 _builder_version=\"4.16\u2033 custom_padding=\"||| \" global_colors_info=\"{} \" custom_padding__hover=\"||| \"][et_pb_text admin_label=\"Text \" _builder_version=\"4.16\u2033 text_font=\"Cabin|||||||| \" background_size=\"initial \" background_position=\"top_left \" background_repeat=\"repeat \" global_colors_info=\"{} \"]Caulked cork sheets for boat deck covering Seacork Deck<\/p>\n<p>Grooved, caulked and sanded cork sheets in <strong>500 mm x 2000 mm<\/strong><\/p>\n<p>Choose the thickness of your sheets: <strong>6mm, 8mm or 12mm<\/strong><\/p>\n<p>Choose the <strong>number of blades<\/strong> per plate: <strong>11 \/ 7 \/ 5 or 4 blades per plate.<\/strong><\/p>\n<p>Blade spacing:<\/p>\n<p>11 blades\/ 47mm - 7 blades\/ 73mm - 5 blades\/ 103 mm - 4 blades\/ 125mm<\/p>\n<p>Choose the colour of the joints: <strong>white, grey or black<\/strong><br \/>\n[\/et_pb_text][\/et_pb_column][\/et_pb_row][\/et_pb_section]<\/p>\n<p><a href=\"https:\/\/seacork.com\/en\/documents-techniques\/fiches-techniques-deck\/\">Deck data sheets - seacork<\/a><\/p>\n<p>&nbsp;<\/p>\n<p>&nbsp;<\/p>","protected":false},"excerpt":{"rendered":"<p><a href=\"https:\/\/seacork.com\/en\/documents-techniques\/fiches-techniques-deck\/\">Seacork<\/a> Deck, grooved cork sheets, caulked and sanded in <strong>500 mm x 2000 mm.<\/strong><\/p>\n<p>The glue is sold separately in our shop:\u00a0<a href=\"https:\/\/seacork.com\/en\/boutique\/douche-antiderapant-liege-securite\/colle-polymere\/\">here<\/a><\/p>","protected":false},"featured_media":14357,"comment_status":"open","ping_status":"closed","template":"","meta":{"inline_featured_image":false},"product_brand":[],"product_cat":[35,30],"product_tag":[],"class_list":{"0":"post-3257","1":"product","2":"type-product","3":"status-publish","4":"has-post-thumbnail","6":"product_cat-pont-liege-antiderapant","7":"product_cat-douche-antiderapant-liege-securite","9":"first","10":"instock","11":"taxable","12":"shipping-taxable","13":"purchasable","14":"product-type-variable"},"yoast_head":"<!-- This site is optimized with the Yoast SEO plugin v27.5 - https:\/\/yoast.com\/product\/yoast-seo-wordpress\/ -->\n<title>Plaques calfat\u00e9es - seacork<\/title>\n<meta name=\"description\" content=\"plaques de li\u00e8ge calfat\u00e9es pour rev\u00eatement de pont de bateau Seacork Deck, disponibles en plusieurs couleurs de clafatage et \u00e9paisseurs. Seacork Deck pre-caulked cork sheet, different color and sizes, better than teck\" \/>\n<meta name=\"robots\" content=\"index, follow, max-snippet:-1, max-image-preview:large, max-video-preview:-1\" \/>\n<link rel=\"canonical\" href=\"https:\/\/seacork.com\/en\/boutique\/douche-antiderapant-liege-securite\/plaques-calfatees-precaulked-sheets\/\" \/>\n<meta property=\"og:locale\" content=\"en_GB\" \/>\n<meta property=\"og:type\" content=\"article\" \/>\n<meta property=\"og:title\" content=\"Plaques calfat\u00e9es - seacork\" \/>\n<meta property=\"og:description\" content=\"plaques de li\u00e8ge calfat\u00e9es pour rev\u00eatement de pont de bateau Seacork Deck, disponibles en plusieurs couleurs de clafatage et \u00e9paisseurs. Seacork Deck pre-caulked cork sheet, different color and sizes, better than teck\" \/>\n<meta property=\"og:url\" content=\"https:\/\/seacork.com\/en\/boutique\/douche-antiderapant-liege-securite\/plaques-calfatees-precaulked-sheets\/\" \/>\n<meta property=\"og:site_name\" content=\"seacork\" \/>\n<meta property=\"article:modified_time\" content=\"2025-09-16T14:57:47+00:00\" \/>\n<meta property=\"og:image\" content=\"https:\/\/seacork.com\/wp-content\/uploads\/2025\/06\/Seacork-Original.jpg\" \/>\n\t<meta property=\"og:image:width\" content=\"1050\" \/>\n\t<meta property=\"og:image:height\" content=\"1703\" \/>\n\t<meta property=\"og:image:type\" content=\"image\/jpeg\" \/>\n<meta name=\"twitter:card\" content=\"summary_large_image\" \/>\n<meta name=\"twitter:label1\" content=\"Estimated reading time\" \/>\n\t<meta name=\"twitter:data1\" content=\"2 minutes\" \/>\n<script type=\"application\/ld+json\" class=\"yoast-schema-graph\">{\"@context\":\"https:\\\/\\\/schema.org\",\"@graph\":[{\"@type\":\"WebPage\",\"@id\":\"https:\\\/\\\/seacork.com\\\/boutique\\\/douche-antiderapant-liege-securite\\\/plaques-calfatees-precaulked-sheets\",\"url\":\"https:\\\/\\\/seacork.com\\\/boutique\\\/douche-antiderapant-liege-securite\\\/plaques-calfatees-precaulked-sheets\",\"name\":\"Plaques calfat\u00e9es - seacork\",\"isPartOf\":{\"@id\":\"https:\\\/\\\/seacork.com\\\/#website\"},\"primaryImageOfPage\":{\"@id\":\"https:\\\/\\\/seacork.com\\\/boutique\\\/douche-antiderapant-liege-securite\\\/plaques-calfatees-precaulked-sheets#primaryimage\"},\"image\":{\"@id\":\"https:\\\/\\\/seacork.com\\\/boutique\\\/douche-antiderapant-liege-securite\\\/plaques-calfatees-precaulked-sheets#primaryimage\"},\"thumbnailUrl\":\"https:\\\/\\\/seacork.com\\\/wp-content\\\/uploads\\\/2025\\\/06\\\/Seacork-Original.jpg\",\"datePublished\":\"2018-11-06T14:37:52+00:00\",\"dateModified\":\"2025-09-16T14:57:47+00:00\",\"description\":\"plaques de li\u00e8ge calfat\u00e9es pour rev\u00eatement de pont de bateau Seacork Deck, disponibles en plusieurs couleurs de clafatage et \u00e9paisseurs. Seacork Deck pre-caulked cork sheet, different color and sizes, better than teck\",\"breadcrumb\":{\"@id\":\"https:\\\/\\\/seacork.com\\\/boutique\\\/douche-antiderapant-liege-securite\\\/plaques-calfatees-precaulked-sheets#breadcrumb\"},\"inLanguage\":\"en-GB\",\"potentialAction\":[{\"@type\":\"ReadAction\",\"target\":[\"https:\\\/\\\/seacork.com\\\/boutique\\\/douche-antiderapant-liege-securite\\\/plaques-calfatees-precaulked-sheets\"]}]},{\"@type\":\"ImageObject\",\"inLanguage\":\"en-GB\",\"@id\":\"https:\\\/\\\/seacork.com\\\/boutique\\\/douche-antiderapant-liege-securite\\\/plaques-calfatees-precaulked-sheets#primaryimage\",\"url\":\"https:\\\/\\\/seacork.com\\\/wp-content\\\/uploads\\\/2025\\\/06\\\/Seacork-Original.jpg\",\"contentUrl\":\"https:\\\/\\\/seacork.com\\\/wp-content\\\/uploads\\\/2025\\\/06\\\/Seacork-Original.jpg\",\"width\":1050,\"height\":1703,\"caption\":\"Seacork Deck Original revetement de pont en li\u00e8ge en alternative au teck pour les ponts de bateaux, yachts et voiliers\"},{\"@type\":\"BreadcrumbList\",\"@id\":\"https:\\\/\\\/seacork.com\\\/boutique\\\/douche-antiderapant-liege-securite\\\/plaques-calfatees-precaulked-sheets#breadcrumb\",\"itemListElement\":[{\"@type\":\"ListItem\",\"position\":1,\"name\":\"Accueil\",\"item\":\"https:\\\/\\\/seacork.com\\\/\"},{\"@type\":\"ListItem\",\"position\":2,\"name\":\"Produits\",\"item\":\"https:\\\/\\\/seacork.com\\\/boutique__trashed\"},{\"@type\":\"ListItem\",\"position\":3,\"name\":\"Plaques calfat\u00e9es\"}]},{\"@type\":\"WebSite\",\"@id\":\"https:\\\/\\\/seacork.com\\\/#website\",\"url\":\"https:\\\/\\\/seacork.com\\\/\",\"name\":\"seacork\",\"description\":\"Solutions en li\u00e8ge-Isolation et Antid\u00e9rapant-Nautique Vans Habitat\",\"potentialAction\":[{\"@type\":\"SearchAction\",\"target\":{\"@type\":\"EntryPoint\",\"urlTemplate\":\"https:\\\/\\\/seacork.com\\\/?s={search_term_string}\"},\"query-input\":{\"@type\":\"PropertyValueSpecification\",\"valueRequired\":true,\"valueName\":\"search_term_string\"}}],\"inLanguage\":\"en-GB\"}]}<\/script>\n<!-- \/ Yoast SEO plugin. -->","yoast_head_json":{"title":"Plaques calfat\u00e9es - seacork","description":"plaques de li\u00e8ge calfat\u00e9es pour rev\u00eatement de pont de bateau Seacork Deck, disponibles en plusieurs couleurs de clafatage et \u00e9paisseurs. Seacork Deck pre-caulked cork sheet, different color and sizes, better than teck","robots":{"index":"index","follow":"follow","max-snippet":"max-snippet:-1","max-image-preview":"max-image-preview:large","max-video-preview":"max-video-preview:-1"},"canonical":"https:\/\/seacork.com\/en\/boutique\/douche-antiderapant-liege-securite\/plaques-calfatees-precaulked-sheets\/","og_locale":"en_GB","og_type":"article","og_title":"Plaques calfat\u00e9es - seacork","og_description":"plaques de li\u00e8ge calfat\u00e9es pour rev\u00eatement de pont de bateau Seacork Deck, disponibles en plusieurs couleurs de clafatage et \u00e9paisseurs. Seacork Deck pre-caulked cork sheet, different color and sizes, better than teck","og_url":"https:\/\/seacork.com\/en\/boutique\/douche-antiderapant-liege-securite\/plaques-calfatees-precaulked-sheets\/","og_site_name":"seacork","article_modified_time":"2025-09-16T14:57:47+00:00","og_image":[{"width":1050,"height":1703,"url":"https:\/\/seacork.com\/wp-content\/uploads\/2025\/06\/Seacork-Original.jpg","type":"image\/jpeg"}],"twitter_card":"summary_large_image","twitter_misc":{"Estimated reading time":"2 minutes"},"schema":{"@context":"https:\/\/schema.org","@graph":[{"@type":"WebPage","@id":"https:\/\/seacork.com\/boutique\/douche-antiderapant-liege-securite\/plaques-calfatees-precaulked-sheets","url":"https:\/\/seacork.com\/boutique\/douche-antiderapant-liege-securite\/plaques-calfatees-precaulked-sheets","name":"Plaques calfat\u00e9es - seacork","isPartOf":{"@id":"https:\/\/seacork.com\/#website"},"primaryImageOfPage":{"@id":"https:\/\/seacork.com\/boutique\/douche-antiderapant-liege-securite\/plaques-calfatees-precaulked-sheets#primaryimage"},"image":{"@id":"https:\/\/seacork.com\/boutique\/douche-antiderapant-liege-securite\/plaques-calfatees-precaulked-sheets#primaryimage"},"thumbnailUrl":"https:\/\/seacork.com\/wp-content\/uploads\/2025\/06\/Seacork-Original.jpg","datePublished":"2018-11-06T14:37:52+00:00","dateModified":"2025-09-16T14:57:47+00:00","description":"plaques de li\u00e8ge calfat\u00e9es pour rev\u00eatement de pont de bateau Seacork Deck, disponibles en plusieurs couleurs de clafatage et \u00e9paisseurs. Seacork Deck pre-caulked cork sheet, different color and sizes, better than teck","breadcrumb":{"@id":"https:\/\/seacork.com\/boutique\/douche-antiderapant-liege-securite\/plaques-calfatees-precaulked-sheets#breadcrumb"},"inLanguage":"en-GB","potentialAction":[{"@type":"ReadAction","target":["https:\/\/seacork.com\/boutique\/douche-antiderapant-liege-securite\/plaques-calfatees-precaulked-sheets"]}]},{"@type":"ImageObject","inLanguage":"en-GB","@id":"https:\/\/seacork.com\/boutique\/douche-antiderapant-liege-securite\/plaques-calfatees-precaulked-sheets#primaryimage","url":"https:\/\/seacork.com\/wp-content\/uploads\/2025\/06\/Seacork-Original.jpg","contentUrl":"https:\/\/seacork.com\/wp-content\/uploads\/2025\/06\/Seacork-Original.jpg","width":1050,"height":1703,"caption":"Seacork Deck Original revetement de pont en li\u00e8ge en alternative au teck pour les ponts de bateaux, yachts et voiliers"},{"@type":"BreadcrumbList","@id":"https:\/\/seacork.com\/boutique\/douche-antiderapant-liege-securite\/plaques-calfatees-precaulked-sheets#breadcrumb","itemListElement":[{"@type":"ListItem","position":1,"name":"Accueil","item":"https:\/\/seacork.com\/"},{"@type":"ListItem","position":2,"name":"Produits","item":"https:\/\/seacork.com\/boutique__trashed"},{"@type":"ListItem","position":3,"name":"Plaques calfat\u00e9es"}]},{"@type":"WebSite","@id":"https:\/\/seacork.com\/#website","url":"https:\/\/seacork.com\/","name":"seacork","description":"Solutions en li\u00e8ge-Isolation et Antid\u00e9rapant-Nautique Vans Habitat","potentialAction":[{"@type":"SearchAction","target":{"@type":"EntryPoint","urlTemplate":"https:\/\/seacork.com\/?s={search_term_string}"},"query-input":{"@type":"PropertyValueSpecification","valueRequired":true,"valueName":"search_term_string"}}],"inLanguage":"en-GB"}]}},"_links":{"self":[{"href":"https:\/\/seacork.com\/en\/wp-json\/wp\/v2\/product\/3257","targetHints":{"allow":["GET"]}}],"collection":[{"href":"https:\/\/seacork.com\/en\/wp-json\/wp\/v2\/product"}],"about":[{"href":"https:\/\/seacork.com\/en\/wp-json\/wp\/v2\/types\/product"}],"replies":[{"embeddable":true,"href":"https:\/\/seacork.com\/en\/wp-json\/wp\/v2\/comments?post=3257"}],"wp:featuredmedia":[{"embeddable":true,"href":"https:\/\/seacork.com\/en\/wp-json\/wp\/v2\/media\/14357"}],"wp:attachment":[{"href":"https:\/\/seacork.com\/en\/wp-json\/wp\/v2\/media?parent=3257"}],"wp:term":[{"taxonomy":"product_brand","embeddable":true,"href":"https:\/\/seacork.com\/en\/wp-json\/wp\/v2\/product_brand?post=3257"},{"taxonomy":"product_cat","embeddable":true,"href":"https:\/\/seacork.com\/en\/wp-json\/wp\/v2\/product_cat?post=3257"},{"taxonomy":"product_tag","embeddable":true,"href":"https:\/\/seacork.com\/en\/wp-json\/wp\/v2\/product_tag?post=3257"}],"curies":[{"name":"wp","href":"https:\/\/api.w.org\/{rel}","templated":true}]}}