{"id":3214,"date":"2018-11-05T17:42:12","date_gmt":"2018-11-05T16:42:12","guid":{"rendered":"https:\/\/nouveau.seacork.fr\/?post_type=product&#038;p=3214"},"modified":"2025-08-04T22:35:07","modified_gmt":"2025-08-04T20:35:07","slug":"seacork-hull-007","status":"publish","type":"product","link":"https:\/\/seacork.com\/en\/boutique\/liege-projete-isolation-vaigrage\/seacork-hull-007","title":{"rendered":"Seacork hull sprayed cork SG-007-13,8Kg"},"content":{"rendered":"<p>For the<strong>thin insulation<\/strong>\u00a0of your <b>bateau<\/b>.<br \/>\nr\u00e9alisez une v\u00e9ritable barri\u00e8re de pont thermique<br \/>\nBreak the thermal bridge and make your life space more comfortable<\/p>\n<p>Estimated consumption per pot:<br \/>\nyou can do by bucket<\/p>\n<ul>\n<li>at\u00a0<strong>two<\/strong>\u00a0layers =\u00a0<strong>6 m\u00b2 for 2 layer<\/strong><\/li>\n<li>at<strong>\u00a0three<\/strong>\u00a0layers =\u00a0\u00a0<strong>4 m\u00b2 for 3 layer<\/strong><\/li>\n<\/ul>\n<div class=\"theliades\">\n<p><strong>Seacork Hull <\/strong>li\u00e8ge projet\u00e9 Blanc(base blanche SG-007 \u2013 possibilit\u00e9 de teinter avec nos pigments- (<a href=\"https:\/\/seacork.stagewordpress.fr\/wp-content\/uploads\/2018\/11\/Nuancier-Seacork-liege-projete.jpg\">&gt; colour chart<\/a>)<br \/>\n<strong>Thermal insulation<\/strong>\u00a0and\u00a0<strong>acoustics<\/strong>,\u00a0<strong>waterproofing<\/strong>,\u00a0<strong>anti-humidity<\/strong>sealant and adhesive.<br \/>\n<strong>Seacork Hull <\/strong>cork to spray (white base SG-007 - you can choose different colour with our additive pigment- (<a href=\"https:\/\/seacork.stagewordpress.fr\/wp-content\/uploads\/2018\/11\/Nuancier-Seacork-liege-projete.jpg\">&gt; colour chart<\/a>)<br \/>\n<strong>Thermal and sound insulation<\/strong>,\u00a0<strong>waterproof<\/strong>,\u00a0<strong>anti-humidity<\/strong>adhesive on any surface.<\/p>\n<\/div>","protected":false},"excerpt":{"rendered":"<p>13.8 kg pot of Seacork Hull sprayed cork for the<strong>thin insulation<\/strong>\u00a0of your <b>Boat<\/b>.<br \/>\ncreate a genuine thermal bridge barrier<br \/>\n13,8 kg bucket, seacork Hull, is the best product to spray in your boat to stop condensation. It can be applied on any surface.<\/p>\n<div class=\"theliades\">\n<p>&nbsp;<\/p>\n<\/div>","protected":false},"featured_media":15372,"comment_status":"open","ping_status":"closed","template":"","meta":{"inline_featured_image":false},"product_brand":[],"product_cat":[36],"product_tag":[],"class_list":{"0":"post-3214","1":"product","2":"type-product","3":"status-publish","4":"has-post-thumbnail","6":"product_cat-liege-projete-isolation-vaigrage","8":"first","9":"instock","10":"taxable","11":"shipping-taxable","12":"purchasable","13":"product-type-variable"},"yoast_head":"<!-- This site is optimized with the Yoast SEO plugin v27.5 - https:\/\/yoast.com\/product\/yoast-seo-wordpress\/ -->\n<title>Pot de li\u00e8ge projet\u00e9 Seacork hull SG-007-13,8Kg - seacork<\/title>\n<meta name=\"description\" content=\"Liege projet\u00e9 base blanche pour rupture de pont thermique dans les bateaux. White base bucket to spray cork inside boat and prevent humidity Seacork HULL\" \/>\n<meta name=\"robots\" content=\"index, follow, max-snippet:-1, max-image-preview:large, max-video-preview:-1\" \/>\n<link rel=\"canonical\" href=\"https:\/\/seacork.com\/en\/boutique\/liege-projete-isolation-vaigrage\/seacork-hull-007\/\" \/>\n<meta property=\"og:locale\" content=\"en_GB\" \/>\n<meta property=\"og:type\" content=\"article\" \/>\n<meta property=\"og:title\" content=\"Pot de li\u00e8ge projet\u00e9 Seacork hull SG-007-13,8Kg - seacork\" \/>\n<meta property=\"og:description\" content=\"Liege projet\u00e9 base blanche pour rupture de pont thermique dans les bateaux. White base bucket to spray cork inside boat and prevent humidity Seacork HULL\" \/>\n<meta property=\"og:url\" content=\"https:\/\/seacork.com\/en\/boutique\/liege-projete-isolation-vaigrage\/seacork-hull-007\/\" \/>\n<meta property=\"og:site_name\" content=\"seacork\" \/>\n<meta property=\"article:modified_time\" content=\"2025-08-04T20:35:07+00:00\" \/>\n<meta property=\"og:image\" content=\"https:\/\/seacork.com\/wp-content\/uploads\/2018\/11\/seau_Hull23-removebg-preview-1.png\" \/>\n\t<meta property=\"og:image:width\" content=\"433\" \/>\n\t<meta property=\"og:image:height\" content=\"577\" \/>\n\t<meta property=\"og:image:type\" content=\"image\/png\" \/>\n<meta name=\"twitter:card\" content=\"summary_large_image\" \/>\n<meta name=\"twitter:label1\" content=\"Estimated reading time\" \/>\n\t<meta name=\"twitter:data1\" content=\"1 minute\" \/>\n<script type=\"application\/ld+json\" class=\"yoast-schema-graph\">{\"@context\":\"https:\\\/\\\/schema.org\",\"@graph\":[{\"@type\":\"WebPage\",\"@id\":\"https:\\\/\\\/seacork.com\\\/boutique\\\/liege-projete-isolation-vaigrage\\\/seacork-hull-007\",\"url\":\"https:\\\/\\\/seacork.com\\\/boutique\\\/liege-projete-isolation-vaigrage\\\/seacork-hull-007\",\"name\":\"Pot de li\u00e8ge projet\u00e9 Seacork hull SG-007-13,8Kg - seacork\",\"isPartOf\":{\"@id\":\"https:\\\/\\\/seacork.com\\\/#website\"},\"primaryImageOfPage\":{\"@id\":\"https:\\\/\\\/seacork.com\\\/boutique\\\/liege-projete-isolation-vaigrage\\\/seacork-hull-007#primaryimage\"},\"image\":{\"@id\":\"https:\\\/\\\/seacork.com\\\/boutique\\\/liege-projete-isolation-vaigrage\\\/seacork-hull-007#primaryimage\"},\"thumbnailUrl\":\"https:\\\/\\\/seacork.com\\\/wp-content\\\/uploads\\\/2018\\\/11\\\/seau_Hull23-removebg-preview-1.png\",\"datePublished\":\"2018-11-05T16:42:12+00:00\",\"dateModified\":\"2025-08-04T20:35:07+00:00\",\"description\":\"Liege projet\u00e9 base blanche pour rupture de pont thermique dans les bateaux. White base bucket to spray cork inside boat and prevent humidity Seacork HULL\",\"breadcrumb\":{\"@id\":\"https:\\\/\\\/seacork.com\\\/boutique\\\/liege-projete-isolation-vaigrage\\\/seacork-hull-007#breadcrumb\"},\"inLanguage\":\"en-GB\",\"potentialAction\":[{\"@type\":\"ReadAction\",\"target\":[\"https:\\\/\\\/seacork.com\\\/boutique\\\/liege-projete-isolation-vaigrage\\\/seacork-hull-007\"]}]},{\"@type\":\"ImageObject\",\"inLanguage\":\"en-GB\",\"@id\":\"https:\\\/\\\/seacork.com\\\/boutique\\\/liege-projete-isolation-vaigrage\\\/seacork-hull-007#primaryimage\",\"url\":\"https:\\\/\\\/seacork.com\\\/wp-content\\\/uploads\\\/2018\\\/11\\\/seau_Hull23-removebg-preview-1.png\",\"contentUrl\":\"https:\\\/\\\/seacork.com\\\/wp-content\\\/uploads\\\/2018\\\/11\\\/seau_Hull23-removebg-preview-1.png\",\"width\":433,\"height\":577},{\"@type\":\"BreadcrumbList\",\"@id\":\"https:\\\/\\\/seacork.com\\\/boutique\\\/liege-projete-isolation-vaigrage\\\/seacork-hull-007#breadcrumb\",\"itemListElement\":[{\"@type\":\"ListItem\",\"position\":1,\"name\":\"Accueil\",\"item\":\"https:\\\/\\\/seacork.com\\\/\"},{\"@type\":\"ListItem\",\"position\":2,\"name\":\"Produits\",\"item\":\"https:\\\/\\\/seacork.com\\\/boutique__trashed\"},{\"@type\":\"ListItem\",\"position\":3,\"name\":\"Pot de li\u00e8ge projet\u00e9 Seacork hull SG-007-13,8Kg\"}]},{\"@type\":\"WebSite\",\"@id\":\"https:\\\/\\\/seacork.com\\\/#website\",\"url\":\"https:\\\/\\\/seacork.com\\\/\",\"name\":\"seacork\",\"description\":\"Solutions en li\u00e8ge-Isolation et Antid\u00e9rapant-Nautique Vans Habitat\",\"potentialAction\":[{\"@type\":\"SearchAction\",\"target\":{\"@type\":\"EntryPoint\",\"urlTemplate\":\"https:\\\/\\\/seacork.com\\\/?s={search_term_string}\"},\"query-input\":{\"@type\":\"PropertyValueSpecification\",\"valueRequired\":true,\"valueName\":\"search_term_string\"}}],\"inLanguage\":\"en-GB\"}]}<\/script>\n<!-- \/ Yoast SEO plugin. -->","yoast_head_json":{"title":"Pot de li\u00e8ge projet\u00e9 Seacork hull SG-007-13,8Kg - seacork","description":"Liege projet\u00e9 base blanche pour rupture de pont thermique dans les bateaux. White base bucket to spray cork inside boat and prevent humidity Seacork HULL","robots":{"index":"index","follow":"follow","max-snippet":"max-snippet:-1","max-image-preview":"max-image-preview:large","max-video-preview":"max-video-preview:-1"},"canonical":"https:\/\/seacork.com\/en\/boutique\/liege-projete-isolation-vaigrage\/seacork-hull-007\/","og_locale":"en_GB","og_type":"article","og_title":"Pot de li\u00e8ge projet\u00e9 Seacork hull SG-007-13,8Kg - seacork","og_description":"Liege projet\u00e9 base blanche pour rupture de pont thermique dans les bateaux. White base bucket to spray cork inside boat and prevent humidity Seacork HULL","og_url":"https:\/\/seacork.com\/en\/boutique\/liege-projete-isolation-vaigrage\/seacork-hull-007\/","og_site_name":"seacork","article_modified_time":"2025-08-04T20:35:07+00:00","og_image":[{"width":433,"height":577,"url":"https:\/\/seacork.com\/wp-content\/uploads\/2018\/11\/seau_Hull23-removebg-preview-1.png","type":"image\/png"}],"twitter_card":"summary_large_image","twitter_misc":{"Estimated reading time":"1 minute"},"schema":{"@context":"https:\/\/schema.org","@graph":[{"@type":"WebPage","@id":"https:\/\/seacork.com\/boutique\/liege-projete-isolation-vaigrage\/seacork-hull-007","url":"https:\/\/seacork.com\/boutique\/liege-projete-isolation-vaigrage\/seacork-hull-007","name":"Pot de li\u00e8ge projet\u00e9 Seacork hull SG-007-13,8Kg - seacork","isPartOf":{"@id":"https:\/\/seacork.com\/#website"},"primaryImageOfPage":{"@id":"https:\/\/seacork.com\/boutique\/liege-projete-isolation-vaigrage\/seacork-hull-007#primaryimage"},"image":{"@id":"https:\/\/seacork.com\/boutique\/liege-projete-isolation-vaigrage\/seacork-hull-007#primaryimage"},"thumbnailUrl":"https:\/\/seacork.com\/wp-content\/uploads\/2018\/11\/seau_Hull23-removebg-preview-1.png","datePublished":"2018-11-05T16:42:12+00:00","dateModified":"2025-08-04T20:35:07+00:00","description":"Liege projet\u00e9 base blanche pour rupture de pont thermique dans les bateaux. White base bucket to spray cork inside boat and prevent humidity Seacork HULL","breadcrumb":{"@id":"https:\/\/seacork.com\/boutique\/liege-projete-isolation-vaigrage\/seacork-hull-007#breadcrumb"},"inLanguage":"en-GB","potentialAction":[{"@type":"ReadAction","target":["https:\/\/seacork.com\/boutique\/liege-projete-isolation-vaigrage\/seacork-hull-007"]}]},{"@type":"ImageObject","inLanguage":"en-GB","@id":"https:\/\/seacork.com\/boutique\/liege-projete-isolation-vaigrage\/seacork-hull-007#primaryimage","url":"https:\/\/seacork.com\/wp-content\/uploads\/2018\/11\/seau_Hull23-removebg-preview-1.png","contentUrl":"https:\/\/seacork.com\/wp-content\/uploads\/2018\/11\/seau_Hull23-removebg-preview-1.png","width":433,"height":577},{"@type":"BreadcrumbList","@id":"https:\/\/seacork.com\/boutique\/liege-projete-isolation-vaigrage\/seacork-hull-007#breadcrumb","itemListElement":[{"@type":"ListItem","position":1,"name":"Accueil","item":"https:\/\/seacork.com\/"},{"@type":"ListItem","position":2,"name":"Produits","item":"https:\/\/seacork.com\/boutique__trashed"},{"@type":"ListItem","position":3,"name":"Pot de li\u00e8ge projet\u00e9 Seacork hull SG-007-13,8Kg"}]},{"@type":"WebSite","@id":"https:\/\/seacork.com\/#website","url":"https:\/\/seacork.com\/","name":"seacork","description":"Solutions en li\u00e8ge-Isolation et Antid\u00e9rapant-Nautique Vans Habitat","potentialAction":[{"@type":"SearchAction","target":{"@type":"EntryPoint","urlTemplate":"https:\/\/seacork.com\/?s={search_term_string}"},"query-input":{"@type":"PropertyValueSpecification","valueRequired":true,"valueName":"search_term_string"}}],"inLanguage":"en-GB"}]}},"_links":{"self":[{"href":"https:\/\/seacork.com\/en\/wp-json\/wp\/v2\/product\/3214","targetHints":{"allow":["GET"]}}],"collection":[{"href":"https:\/\/seacork.com\/en\/wp-json\/wp\/v2\/product"}],"about":[{"href":"https:\/\/seacork.com\/en\/wp-json\/wp\/v2\/types\/product"}],"replies":[{"embeddable":true,"href":"https:\/\/seacork.com\/en\/wp-json\/wp\/v2\/comments?post=3214"}],"wp:featuredmedia":[{"embeddable":true,"href":"https:\/\/seacork.com\/en\/wp-json\/wp\/v2\/media\/15372"}],"wp:attachment":[{"href":"https:\/\/seacork.com\/en\/wp-json\/wp\/v2\/media?parent=3214"}],"wp:term":[{"taxonomy":"product_brand","embeddable":true,"href":"https:\/\/seacork.com\/en\/wp-json\/wp\/v2\/product_brand?post=3214"},{"taxonomy":"product_cat","embeddable":true,"href":"https:\/\/seacork.com\/en\/wp-json\/wp\/v2\/product_cat?post=3214"},{"taxonomy":"product_tag","embeddable":true,"href":"https:\/\/seacork.com\/en\/wp-json\/wp\/v2\/product_tag?post=3214"}],"curies":[{"name":"wp","href":"https:\/\/api.w.org\/{rel}","templated":true}]}}