{"id":12554,"date":"2020-11-03T10:56:55","date_gmt":"2020-11-03T09:56:55","guid":{"rendered":"https:\/\/seacork.stagewordpress.fr\/?post_type=product&#038;p=12554"},"modified":"2025-08-01T15:24:04","modified_gmt":"2025-08-01T13:24:04","slug":"coude-pour-pistolet-professionnel-seacork-ideal-liege-projete","status":"publish","type":"product","link":"https:\/\/seacork.com\/en\/boutique\/pistolet-a-crepir\/coude-pour-pistolet-professionnel-seacork-ideal-liege-projete","title":{"rendered":"Elbow for pro gun"},"content":{"rendered":"<p>Afin de pouvoir projeter au sol ou au plafond voici le coude pr\u00e9vu pour le pistolet professionnel.<br \/>\nen effet lors de la projection le bac doit rester vertical afin de favoriser , par gravitation la descente du li\u00e8ge projet\u00e9 dans le pistolet.<br \/>\nen cas de projection au sol ou au plafond ce coude donne un angle \u00e0 45\u00b0 au bac et permet ainsi une projection dans de meilleurs conditions.<\/p>\n<p>Muni de collier de sera il fixera bien le bac au pistolet.<\/p>","protected":false},"excerpt":{"rendered":"<p>Elbow specially designed for the professional gun.<\/p>\n<p>It allows the tray to be oriented so that it projects onto the floor or ceiling, while keeping the tray in a vertical position.<\/p>","protected":false},"featured_media":15373,"comment_status":"open","ping_status":"closed","template":"","meta":{"inline_featured_image":false},"product_brand":[],"product_cat":[105],"product_tag":[],"class_list":{"0":"post-12554","1":"product","2":"type-product","3":"status-publish","4":"has-post-thumbnail","6":"product_cat-pistolet-a-crepir","8":"first","9":"instock","10":"sold-individually","11":"taxable","12":"shipping-taxable","13":"purchasable","14":"product-type-simple"},"yoast_head":"<!-- This site is optimized with the Yoast SEO plugin v27.5 - https:\/\/yoast.com\/product\/yoast-seo-wordpress\/ -->\n<title>Coude pour pistolet professionnel seacork id\u00e9al li\u00e8ge projet\u00e9<\/title>\n<meta name=\"description\" content=\"Ce coude permettra une bonne orientation du bac sur le pistolet professionnel pour la projection du li\u00e8ge projet\u00e9 Seacork Hull ou Van au sol et au plafond, pour l&#039;isolation thermique et phonique des Vans et camping cars ou pour le vaigrage des coques de bateaux\" \/>\n<meta name=\"robots\" content=\"index, follow, max-snippet:-1, max-image-preview:large, max-video-preview:-1\" \/>\n<link rel=\"canonical\" href=\"https:\/\/seacork.com\/en\/boutique\/pistolet-a-crepir\/coude-pour-pistolet-professionnel-seacork-ideal-liege-projete\/\" \/>\n<meta property=\"og:locale\" content=\"en_GB\" \/>\n<meta property=\"og:type\" content=\"article\" \/>\n<meta property=\"og:title\" content=\"Coude pour pistolet professionnel seacork id\u00e9al li\u00e8ge projet\u00e9\" \/>\n<meta property=\"og:description\" content=\"Ce coude permettra une bonne orientation du bac sur le pistolet professionnel pour la projection du li\u00e8ge projet\u00e9 Seacork Hull ou Van au sol et au plafond, pour l&#039;isolation thermique et phonique des Vans et camping cars ou pour le vaigrage des coques de bateaux\" \/>\n<meta property=\"og:url\" content=\"https:\/\/seacork.com\/en\/boutique\/pistolet-a-crepir\/coude-pour-pistolet-professionnel-seacork-ideal-liege-projete\/\" \/>\n<meta property=\"og:site_name\" content=\"seacork\" \/>\n<meta property=\"article:modified_time\" content=\"2025-08-01T13:24:04+00:00\" \/>\n<meta property=\"og:image\" content=\"https:\/\/seacork.com\/wp-content\/uploads\/2020\/11\/coude-removebg-preview.png\" \/>\n\t<meta property=\"og:image:width\" content=\"577\" \/>\n\t<meta property=\"og:image:height\" content=\"433\" \/>\n\t<meta property=\"og:image:type\" content=\"image\/png\" \/>\n<meta name=\"twitter:card\" content=\"summary_large_image\" \/>\n<meta name=\"twitter:label1\" content=\"Estimated reading time\" \/>\n\t<meta name=\"twitter:data1\" content=\"1 minute\" \/>\n<script type=\"application\/ld+json\" class=\"yoast-schema-graph\">{\"@context\":\"https:\\\/\\\/schema.org\",\"@graph\":[{\"@type\":\"WebPage\",\"@id\":\"https:\\\/\\\/seacork.com\\\/boutique\\\/pistolet-a-crepir\\\/coude-pour-pistolet-professionnel-seacork-ideal-liege-projete\",\"url\":\"https:\\\/\\\/seacork.com\\\/boutique\\\/pistolet-a-crepir\\\/coude-pour-pistolet-professionnel-seacork-ideal-liege-projete\",\"name\":\"Coude pour pistolet professionnel seacork id\u00e9al li\u00e8ge projet\u00e9\",\"isPartOf\":{\"@id\":\"https:\\\/\\\/seacork.com\\\/#website\"},\"primaryImageOfPage\":{\"@id\":\"https:\\\/\\\/seacork.com\\\/boutique\\\/pistolet-a-crepir\\\/coude-pour-pistolet-professionnel-seacork-ideal-liege-projete#primaryimage\"},\"image\":{\"@id\":\"https:\\\/\\\/seacork.com\\\/boutique\\\/pistolet-a-crepir\\\/coude-pour-pistolet-professionnel-seacork-ideal-liege-projete#primaryimage\"},\"thumbnailUrl\":\"https:\\\/\\\/seacork.com\\\/wp-content\\\/uploads\\\/2020\\\/11\\\/coude-removebg-preview.png\",\"datePublished\":\"2020-11-03T09:56:55+00:00\",\"dateModified\":\"2025-08-01T13:24:04+00:00\",\"description\":\"Ce coude permettra une bonne orientation du bac sur le pistolet professionnel pour la projection du li\u00e8ge projet\u00e9 Seacork Hull ou Van au sol et au plafond, pour l'isolation thermique et phonique des Vans et camping cars ou pour le vaigrage des coques de bateaux\",\"breadcrumb\":{\"@id\":\"https:\\\/\\\/seacork.com\\\/boutique\\\/pistolet-a-crepir\\\/coude-pour-pistolet-professionnel-seacork-ideal-liege-projete#breadcrumb\"},\"inLanguage\":\"en-GB\",\"potentialAction\":[{\"@type\":\"ReadAction\",\"target\":[\"https:\\\/\\\/seacork.com\\\/boutique\\\/pistolet-a-crepir\\\/coude-pour-pistolet-professionnel-seacork-ideal-liege-projete\"]}]},{\"@type\":\"ImageObject\",\"inLanguage\":\"en-GB\",\"@id\":\"https:\\\/\\\/seacork.com\\\/boutique\\\/pistolet-a-crepir\\\/coude-pour-pistolet-professionnel-seacork-ideal-liege-projete#primaryimage\",\"url\":\"https:\\\/\\\/seacork.com\\\/wp-content\\\/uploads\\\/2020\\\/11\\\/coude-removebg-preview.png\",\"contentUrl\":\"https:\\\/\\\/seacork.com\\\/wp-content\\\/uploads\\\/2020\\\/11\\\/coude-removebg-preview.png\",\"width\":577,\"height\":433},{\"@type\":\"BreadcrumbList\",\"@id\":\"https:\\\/\\\/seacork.com\\\/boutique\\\/pistolet-a-crepir\\\/coude-pour-pistolet-professionnel-seacork-ideal-liege-projete#breadcrumb\",\"itemListElement\":[{\"@type\":\"ListItem\",\"position\":1,\"name\":\"Accueil\",\"item\":\"https:\\\/\\\/seacork.com\\\/\"},{\"@type\":\"ListItem\",\"position\":2,\"name\":\"Produits\",\"item\":\"https:\\\/\\\/seacork.com\\\/boutique__trashed\"},{\"@type\":\"ListItem\",\"position\":3,\"name\":\"Coude pour pistolet pro\"}]},{\"@type\":\"WebSite\",\"@id\":\"https:\\\/\\\/seacork.com\\\/#website\",\"url\":\"https:\\\/\\\/seacork.com\\\/\",\"name\":\"seacork\",\"description\":\"Solutions en li\u00e8ge-Isolation et Antid\u00e9rapant-Nautique Vans Habitat\",\"potentialAction\":[{\"@type\":\"SearchAction\",\"target\":{\"@type\":\"EntryPoint\",\"urlTemplate\":\"https:\\\/\\\/seacork.com\\\/?s={search_term_string}\"},\"query-input\":{\"@type\":\"PropertyValueSpecification\",\"valueRequired\":true,\"valueName\":\"search_term_string\"}}],\"inLanguage\":\"en-GB\"}]}<\/script>\n<!-- \/ Yoast SEO plugin. -->","yoast_head_json":{"title":"Coude pour pistolet professionnel seacork id\u00e9al li\u00e8ge projet\u00e9","description":"Ce coude permettra une bonne orientation du bac sur le pistolet professionnel pour la projection du li\u00e8ge projet\u00e9 Seacork Hull ou Van au sol et au plafond, pour l'isolation thermique et phonique des Vans et camping cars ou pour le vaigrage des coques de bateaux","robots":{"index":"index","follow":"follow","max-snippet":"max-snippet:-1","max-image-preview":"max-image-preview:large","max-video-preview":"max-video-preview:-1"},"canonical":"https:\/\/seacork.com\/en\/boutique\/pistolet-a-crepir\/coude-pour-pistolet-professionnel-seacork-ideal-liege-projete\/","og_locale":"en_GB","og_type":"article","og_title":"Coude pour pistolet professionnel seacork id\u00e9al li\u00e8ge projet\u00e9","og_description":"Ce coude permettra une bonne orientation du bac sur le pistolet professionnel pour la projection du li\u00e8ge projet\u00e9 Seacork Hull ou Van au sol et au plafond, pour l'isolation thermique et phonique des Vans et camping cars ou pour le vaigrage des coques de bateaux","og_url":"https:\/\/seacork.com\/en\/boutique\/pistolet-a-crepir\/coude-pour-pistolet-professionnel-seacork-ideal-liege-projete\/","og_site_name":"seacork","article_modified_time":"2025-08-01T13:24:04+00:00","og_image":[{"width":577,"height":433,"url":"https:\/\/seacork.com\/wp-content\/uploads\/2020\/11\/coude-removebg-preview.png","type":"image\/png"}],"twitter_card":"summary_large_image","twitter_misc":{"Estimated reading time":"1 minute"},"schema":{"@context":"https:\/\/schema.org","@graph":[{"@type":"WebPage","@id":"https:\/\/seacork.com\/boutique\/pistolet-a-crepir\/coude-pour-pistolet-professionnel-seacork-ideal-liege-projete","url":"https:\/\/seacork.com\/boutique\/pistolet-a-crepir\/coude-pour-pistolet-professionnel-seacork-ideal-liege-projete","name":"Coude pour pistolet professionnel seacork id\u00e9al li\u00e8ge projet\u00e9","isPartOf":{"@id":"https:\/\/seacork.com\/#website"},"primaryImageOfPage":{"@id":"https:\/\/seacork.com\/boutique\/pistolet-a-crepir\/coude-pour-pistolet-professionnel-seacork-ideal-liege-projete#primaryimage"},"image":{"@id":"https:\/\/seacork.com\/boutique\/pistolet-a-crepir\/coude-pour-pistolet-professionnel-seacork-ideal-liege-projete#primaryimage"},"thumbnailUrl":"https:\/\/seacork.com\/wp-content\/uploads\/2020\/11\/coude-removebg-preview.png","datePublished":"2020-11-03T09:56:55+00:00","dateModified":"2025-08-01T13:24:04+00:00","description":"Ce coude permettra une bonne orientation du bac sur le pistolet professionnel pour la projection du li\u00e8ge projet\u00e9 Seacork Hull ou Van au sol et au plafond, pour l'isolation thermique et phonique des Vans et camping cars ou pour le vaigrage des coques de bateaux","breadcrumb":{"@id":"https:\/\/seacork.com\/boutique\/pistolet-a-crepir\/coude-pour-pistolet-professionnel-seacork-ideal-liege-projete#breadcrumb"},"inLanguage":"en-GB","potentialAction":[{"@type":"ReadAction","target":["https:\/\/seacork.com\/boutique\/pistolet-a-crepir\/coude-pour-pistolet-professionnel-seacork-ideal-liege-projete"]}]},{"@type":"ImageObject","inLanguage":"en-GB","@id":"https:\/\/seacork.com\/boutique\/pistolet-a-crepir\/coude-pour-pistolet-professionnel-seacork-ideal-liege-projete#primaryimage","url":"https:\/\/seacork.com\/wp-content\/uploads\/2020\/11\/coude-removebg-preview.png","contentUrl":"https:\/\/seacork.com\/wp-content\/uploads\/2020\/11\/coude-removebg-preview.png","width":577,"height":433},{"@type":"BreadcrumbList","@id":"https:\/\/seacork.com\/boutique\/pistolet-a-crepir\/coude-pour-pistolet-professionnel-seacork-ideal-liege-projete#breadcrumb","itemListElement":[{"@type":"ListItem","position":1,"name":"Accueil","item":"https:\/\/seacork.com\/"},{"@type":"ListItem","position":2,"name":"Produits","item":"https:\/\/seacork.com\/boutique__trashed"},{"@type":"ListItem","position":3,"name":"Coude pour pistolet pro"}]},{"@type":"WebSite","@id":"https:\/\/seacork.com\/#website","url":"https:\/\/seacork.com\/","name":"seacork","description":"Solutions en li\u00e8ge-Isolation et Antid\u00e9rapant-Nautique Vans Habitat","potentialAction":[{"@type":"SearchAction","target":{"@type":"EntryPoint","urlTemplate":"https:\/\/seacork.com\/?s={search_term_string}"},"query-input":{"@type":"PropertyValueSpecification","valueRequired":true,"valueName":"search_term_string"}}],"inLanguage":"en-GB"}]}},"_links":{"self":[{"href":"https:\/\/seacork.com\/en\/wp-json\/wp\/v2\/product\/12554","targetHints":{"allow":["GET"]}}],"collection":[{"href":"https:\/\/seacork.com\/en\/wp-json\/wp\/v2\/product"}],"about":[{"href":"https:\/\/seacork.com\/en\/wp-json\/wp\/v2\/types\/product"}],"replies":[{"embeddable":true,"href":"https:\/\/seacork.com\/en\/wp-json\/wp\/v2\/comments?post=12554"}],"wp:featuredmedia":[{"embeddable":true,"href":"https:\/\/seacork.com\/en\/wp-json\/wp\/v2\/media\/15373"}],"wp:attachment":[{"href":"https:\/\/seacork.com\/en\/wp-json\/wp\/v2\/media?parent=12554"}],"wp:term":[{"taxonomy":"product_brand","embeddable":true,"href":"https:\/\/seacork.com\/en\/wp-json\/wp\/v2\/product_brand?post=12554"},{"taxonomy":"product_cat","embeddable":true,"href":"https:\/\/seacork.com\/en\/wp-json\/wp\/v2\/product_cat?post=12554"},{"taxonomy":"product_tag","embeddable":true,"href":"https:\/\/seacork.com\/en\/wp-json\/wp\/v2\/product_tag?post=12554"}],"curies":[{"name":"wp","href":"https:\/\/api.w.org\/{rel}","templated":true}]}}