{"id":12551,"date":"2020-11-03T10:17:43","date_gmt":"2020-11-03T09:17:43","guid":{"rendered":"https:\/\/seacork.stagewordpress.fr\/?post_type=product&#038;p=12551"},"modified":"2025-07-16T16:21:36","modified_gmt":"2025-07-16T14:21:36","slug":"pistolet-professionnel-special-pour-liege-projete-seacork-hull-van-et-wall","status":"publish","type":"product","link":"https:\/\/seacork.com\/en\/boutique\/pistolet-a-crepir\/pistolet-professionnel-special-pour-liege-projete-seacork-hull-van-et-wall","title":{"rendered":"Pro gun"},"content":{"rendered":"<p>[et_pb_section fb_built=\u00a0\u00bb1&Prime; _builder_version=\u00a0\u00bb4.16&Prime; custom_padding=\u00a0\u00bb0px||||false|false\u00a0\u00bb global_colors_info=\u00a0\u00bb{}\u00a0\u00bb][et_pb_row _builder_version=\u00a0\u00bb4.16&Prime; background_size=\u00a0\u00bbinitial\u00a0\u00bb background_position=\u00a0\u00bbtop_left\u00a0\u00bb background_repeat=\u00a0\u00bbrepeat\u00a0\u00bb width=\u00a0\u00bb100%\u00a0\u00bb custom_padding=\u00a0\u00bb0px||0px||false|false\u00a0\u00bb global_colors_info=\u00a0\u00bb{}\u00a0\u00bb][et_pb_column type=\u00a0\u00bb4_4&Prime; _builder_version=\u00a0\u00bb4.16&Prime; custom_padding=\u00a0\u00bb|||\u00a0\u00bb global_colors_info=\u00a0\u00bb{}\u00a0\u00bb custom_padding__hover=\u00a0\u00bb|||\u00a0\u00bb][et_pb_wc_breadcrumb _builder_version=\u00a0\u00bb4.16&Prime; global_colors_info=\u00a0\u00bb{}\u00a0\u00bb][\/et_pb_wc_breadcrumb][et_pb_wc_cart_notice _builder_version=\u00a0\u00bb4.16&Prime; global_colors_info=\u00a0\u00bb{}\u00a0\u00bb][\/et_pb_wc_cart_notice][\/et_pb_column][\/et_pb_row][et_pb_row column_structure=\u00a0\u00bb1_2,1_2&Prime; _builder_version=\u00a0\u00bb4.16&Prime; background_size=\u00a0\u00bbinitial\u00a0\u00bb background_position=\u00a0\u00bbtop_left\u00a0\u00bb background_repeat=\u00a0\u00bbrepeat\u00a0\u00bb width=\u00a0\u00bb100%\u00a0\u00bb custom_padding=\u00a0\u00bb0px||||false|false\u00a0\u00bb global_colors_info=\u00a0\u00bb{}\u00a0\u00bb][et_pb_column type=\u00a0\u00bb1_2&Prime; _builder_version=\u00a0\u00bb4.16&Prime; custom_padding=\u00a0\u00bb|||\u00a0\u00bb global_colors_info=\u00a0\u00bb{}\u00a0\u00bb custom_padding__hover=\u00a0\u00bb|||\u00a0\u00bb][et_pb_wc_images _builder_version=\u00a0\u00bb4.16&Prime; global_colors_info=\u00a0\u00bb{}\u00a0\u00bb][\/et_pb_wc_images][\/et_pb_column][et_pb_column type=\u00a0\u00bb1_2&Prime; _builder_version=\u00a0\u00bb4.16&Prime; custom_padding=\u00a0\u00bb|||\u00a0\u00bb global_colors_info=\u00a0\u00bb{}\u00a0\u00bb custom_padding__hover=\u00a0\u00bb|||\u00a0\u00bb][et_pb_wc_title _builder_version=\u00a0\u00bb4.16&Prime; global_colors_info=\u00a0\u00bb{}\u00a0\u00bb][\/et_pb_wc_title][et_pb_wc_rating _builder_version=\u00a0\u00bb4.16&Prime; global_colors_info=\u00a0\u00bb{}\u00a0\u00bb][\/et_pb_wc_rating][et_pb_wc_price _builder_version=\u00a0\u00bb4.16&Prime; global_colors_info=\u00a0\u00bb{}\u00a0\u00bb][\/et_pb_wc_price][et_pb_wc_description _builder_version=\u00a0\u00bb4.16&Prime; global_colors_info=\u00a0\u00bb{}\u00a0\u00bb][\/et_pb_wc_description][et_pb_wc_add_to_cart _builder_version=\u00a0\u00bb4.16&Prime; global_colors_info=\u00a0\u00bb{}\u00a0\u00bb][\/et_pb_wc_add_to_cart][et_pb_wc_meta _builder_version=\u00a0\u00bb4.16&Prime; global_colors_info=\u00a0\u00bb{}\u00a0\u00bb][\/et_pb_wc_meta][\/et_pb_column][\/et_pb_row][et_pb_row _builder_version=\u00a0\u00bb4.16&Prime; background_size=\u00a0\u00bbinitial\u00a0\u00bb background_position=\u00a0\u00bbtop_left\u00a0\u00bb background_repeat=\u00a0\u00bbrepeat\u00a0\u00bb width=\u00a0\u00bb100%\u00a0\u00bb global_colors_info=\u00a0\u00bb{}\u00a0\u00bb][et_pb_column type=\u00a0\u00bb4_4&Prime; _builder_version=\u00a0\u00bb4.16&Prime; custom_padding=\u00a0\u00bb|||\u00a0\u00bb global_colors_info=\u00a0\u00bb{}\u00a0\u00bb custom_padding__hover=\u00a0\u00bb|||\u00a0\u00bb][et_pb_wc_tabs _builder_version=\u00a0\u00bb4.16&Prime; global_colors_info=\u00a0\u00bb{}\u00a0\u00bb] [\/et_pb_wc_tabs][et_pb_wc_upsells _builder_version=\u00a0\u00bb4.16&Prime; global_colors_info=\u00a0\u00bb{}\u00a0\u00bb][\/et_pb_wc_upsells][et_pb_wc_related_products _builder_version=\u00a0\u00bb4.16&Prime; global_colors_info=\u00a0\u00bb{}\u00a0\u00bb][\/et_pb_wc_related_products][\/et_pb_column][\/et_pb_row][\/et_pb_section][et_pb_section fb_built=\u00a0\u00bb1&Prime; admin_label=\u00a0\u00bbsection\u00a0\u00bb _builder_version=\u00a0\u00bb4.16&Prime; global_colors_info=\u00a0\u00bb{}\u00a0\u00bb][et_pb_row admin_label=\u00a0\u00bbrow\u00a0\u00bb _builder_version=\u00a0\u00bb4.16&Prime; background_size=\u00a0\u00bbinitial\u00a0\u00bb background_position=\u00a0\u00bbtop_left\u00a0\u00bb background_repeat=\u00a0\u00bbrepeat\u00a0\u00bb global_colors_info=\u00a0\u00bb{}\u00a0\u00bb][et_pb_column type=\u00a0\u00bb4_4&Prime; _builder_version=\u00a0\u00bb4.16&Prime; custom_padding=\u00a0\u00bb|||\u00a0\u00bb global_colors_info=\u00a0\u00bb{}\u00a0\u00bb custom_padding__hover=\u00a0\u00bb|||\u00a0\u00bb][et_pb_text admin_label=\u00a0\u00bbText\u00a0\u00bb _builder_version=\u00a0\u00bb4.16&Prime; background_size=\u00a0\u00bbinitial\u00a0\u00bb background_position=\u00a0\u00bbtop_left\u00a0\u00bb background_repeat=\u00a0\u00bbrepeat\u00a0\u00bb global_colors_info=\u00a0\u00bb{}\u00a0\u00bb]<\/p>\n<p class=\"theliachapo\">Ideal gun for occasional users.<\/p>\n<div class=\"theliades\">\n<p><strong>Plastering gun<\/strong> supplied with <strong>3 buses<\/strong> (4, 6 et 8 mm).<\/p>\n<p>Nous vous recommandons la buse<strong> 6mm<\/strong> pour le Seacork Van et le Seacork Hull.<\/p>\n<p>The 45\u00b0 elbow will also allow you to<strong> projection<\/strong> at <strong>ground<\/strong> and <strong>ceiling<\/strong>.<\/p>\n<\/div>\n<p>[\/et_pb_text][\/et_pb_column][\/et_pb_row][\/et_pb_section]<\/p>","protected":false},"excerpt":{"rendered":"<p class=\"theliachapo\">Professional cork spray gun.<\/p>\n<div class=\"theliades\">\n<p><strong>Plastering gun<\/strong> supplied with <strong>1 nozzle<\/strong>\u00a0 6mm.<br \/>\nThe optional 45\u00b0 elbow will allow you to<strong> projection<\/strong> at <strong>ground<\/strong> and <strong>ceiling<\/strong>.<\/p>\n<\/div>","protected":false},"featured_media":15376,"comment_status":"open","ping_status":"closed","template":"","meta":{"inline_featured_image":false},"product_brand":[],"product_cat":[105],"product_tag":[],"class_list":{"0":"post-12551","1":"product","2":"type-product","3":"status-publish","4":"has-post-thumbnail","6":"product_cat-pistolet-a-crepir","8":"first","9":"instock","10":"taxable","11":"shipping-taxable","12":"purchasable","13":"product-type-simple"},"yoast_head":"<!-- This site is optimized with the Yoast SEO plugin v27.5 - https:\/\/yoast.com\/product\/yoast-seo-wordpress\/ -->\n<title>Pistolet pour le li\u00e8ge projet\u00e9 seacork Hull, Van et Wall<\/title>\n<meta name=\"description\" content=\"Ce Pistolet sp\u00e9cialement \u00e9tudi\u00e9 pour le li\u00e8ge projet\u00e9 et particuli\u00e8rement recommand\u00e9 pour les produits Seacork Hull, Van et Wall\" \/>\n<meta name=\"robots\" content=\"index, follow, max-snippet:-1, max-image-preview:large, max-video-preview:-1\" \/>\n<link rel=\"canonical\" href=\"https:\/\/seacork.com\/en\/boutique\/pistolet-a-crepir\/pistolet-professionnel-special-pour-liege-projete-seacork-hull-van-et-wall\/\" \/>\n<meta property=\"og:locale\" content=\"en_GB\" \/>\n<meta property=\"og:type\" content=\"article\" \/>\n<meta property=\"og:title\" content=\"Pistolet pour le li\u00e8ge projet\u00e9 seacork Hull, Van et Wall\" \/>\n<meta property=\"og:description\" content=\"Ce Pistolet sp\u00e9cialement \u00e9tudi\u00e9 pour le li\u00e8ge projet\u00e9 et particuli\u00e8rement recommand\u00e9 pour les produits Seacork Hull, Van et Wall\" \/>\n<meta property=\"og:url\" content=\"https:\/\/seacork.com\/en\/boutique\/pistolet-a-crepir\/pistolet-professionnel-special-pour-liege-projete-seacork-hull-van-et-wall\/\" \/>\n<meta property=\"og:site_name\" content=\"seacork\" \/>\n<meta property=\"article:modified_time\" content=\"2025-07-16T14:21:36+00:00\" \/>\n<meta property=\"og:image\" content=\"https:\/\/seacork.com\/wp-content\/uploads\/2020\/11\/Pistolet-Pro2-400-removebg-preview-1.png\" \/>\n\t<meta property=\"og:image:width\" content=\"400\" \/>\n\t<meta property=\"og:image:height\" content=\"400\" \/>\n\t<meta property=\"og:image:type\" content=\"image\/png\" \/>\n<meta name=\"twitter:card\" content=\"summary_large_image\" \/>\n<meta name=\"twitter:label1\" content=\"Estimated reading time\" \/>\n\t<meta name=\"twitter:data1\" content=\"1 minute\" \/>\n<script type=\"application\/ld+json\" class=\"yoast-schema-graph\">{\"@context\":\"https:\\\/\\\/schema.org\",\"@graph\":[{\"@type\":\"WebPage\",\"@id\":\"https:\\\/\\\/seacork.com\\\/boutique\\\/pistolet-a-crepir\\\/pistolet-professionnel-special-pour-liege-projete-seacork-hull-van-et-wall\",\"url\":\"https:\\\/\\\/seacork.com\\\/boutique\\\/pistolet-a-crepir\\\/pistolet-professionnel-special-pour-liege-projete-seacork-hull-van-et-wall\",\"name\":\"Pistolet pour le li\u00e8ge projet\u00e9 seacork Hull, Van et Wall\",\"isPartOf\":{\"@id\":\"https:\\\/\\\/seacork.com\\\/#website\"},\"primaryImageOfPage\":{\"@id\":\"https:\\\/\\\/seacork.com\\\/boutique\\\/pistolet-a-crepir\\\/pistolet-professionnel-special-pour-liege-projete-seacork-hull-van-et-wall#primaryimage\"},\"image\":{\"@id\":\"https:\\\/\\\/seacork.com\\\/boutique\\\/pistolet-a-crepir\\\/pistolet-professionnel-special-pour-liege-projete-seacork-hull-van-et-wall#primaryimage\"},\"thumbnailUrl\":\"https:\\\/\\\/seacork.com\\\/wp-content\\\/uploads\\\/2020\\\/11\\\/Pistolet-Pro2-400-removebg-preview-1.png\",\"datePublished\":\"2020-11-03T09:17:43+00:00\",\"dateModified\":\"2025-07-16T14:21:36+00:00\",\"description\":\"Ce Pistolet sp\u00e9cialement \u00e9tudi\u00e9 pour le li\u00e8ge projet\u00e9 et particuli\u00e8rement recommand\u00e9 pour les produits Seacork Hull, Van et Wall\",\"breadcrumb\":{\"@id\":\"https:\\\/\\\/seacork.com\\\/boutique\\\/pistolet-a-crepir\\\/pistolet-professionnel-special-pour-liege-projete-seacork-hull-van-et-wall#breadcrumb\"},\"inLanguage\":\"en-GB\",\"potentialAction\":[{\"@type\":\"ReadAction\",\"target\":[\"https:\\\/\\\/seacork.com\\\/boutique\\\/pistolet-a-crepir\\\/pistolet-professionnel-special-pour-liege-projete-seacork-hull-van-et-wall\"]}]},{\"@type\":\"ImageObject\",\"inLanguage\":\"en-GB\",\"@id\":\"https:\\\/\\\/seacork.com\\\/boutique\\\/pistolet-a-crepir\\\/pistolet-professionnel-special-pour-liege-projete-seacork-hull-van-et-wall#primaryimage\",\"url\":\"https:\\\/\\\/seacork.com\\\/wp-content\\\/uploads\\\/2020\\\/11\\\/Pistolet-Pro2-400-removebg-preview-1.png\",\"contentUrl\":\"https:\\\/\\\/seacork.com\\\/wp-content\\\/uploads\\\/2020\\\/11\\\/Pistolet-Pro2-400-removebg-preview-1.png\",\"width\":400,\"height\":400},{\"@type\":\"BreadcrumbList\",\"@id\":\"https:\\\/\\\/seacork.com\\\/boutique\\\/pistolet-a-crepir\\\/pistolet-professionnel-special-pour-liege-projete-seacork-hull-van-et-wall#breadcrumb\",\"itemListElement\":[{\"@type\":\"ListItem\",\"position\":1,\"name\":\"Accueil\",\"item\":\"https:\\\/\\\/seacork.com\\\/\"},{\"@type\":\"ListItem\",\"position\":2,\"name\":\"Produits\",\"item\":\"https:\\\/\\\/seacork.com\\\/boutique__trashed\"},{\"@type\":\"ListItem\",\"position\":3,\"name\":\"Pistolet pro\"}]},{\"@type\":\"WebSite\",\"@id\":\"https:\\\/\\\/seacork.com\\\/#website\",\"url\":\"https:\\\/\\\/seacork.com\\\/\",\"name\":\"seacork\",\"description\":\"Solutions en li\u00e8ge-Isolation et Antid\u00e9rapant-Nautique Vans Habitat\",\"potentialAction\":[{\"@type\":\"SearchAction\",\"target\":{\"@type\":\"EntryPoint\",\"urlTemplate\":\"https:\\\/\\\/seacork.com\\\/?s={search_term_string}\"},\"query-input\":{\"@type\":\"PropertyValueSpecification\",\"valueRequired\":true,\"valueName\":\"search_term_string\"}}],\"inLanguage\":\"en-GB\"}]}<\/script>\n<!-- \/ Yoast SEO plugin. -->","yoast_head_json":{"title":"Pistolet pour le li\u00e8ge projet\u00e9 seacork Hull, Van et Wall","description":"Ce Pistolet sp\u00e9cialement \u00e9tudi\u00e9 pour le li\u00e8ge projet\u00e9 et particuli\u00e8rement recommand\u00e9 pour les produits Seacork Hull, Van et Wall","robots":{"index":"index","follow":"follow","max-snippet":"max-snippet:-1","max-image-preview":"max-image-preview:large","max-video-preview":"max-video-preview:-1"},"canonical":"https:\/\/seacork.com\/en\/boutique\/pistolet-a-crepir\/pistolet-professionnel-special-pour-liege-projete-seacork-hull-van-et-wall\/","og_locale":"en_GB","og_type":"article","og_title":"Pistolet pour le li\u00e8ge projet\u00e9 seacork Hull, Van et Wall","og_description":"Ce Pistolet sp\u00e9cialement \u00e9tudi\u00e9 pour le li\u00e8ge projet\u00e9 et particuli\u00e8rement recommand\u00e9 pour les produits Seacork Hull, Van et Wall","og_url":"https:\/\/seacork.com\/en\/boutique\/pistolet-a-crepir\/pistolet-professionnel-special-pour-liege-projete-seacork-hull-van-et-wall\/","og_site_name":"seacork","article_modified_time":"2025-07-16T14:21:36+00:00","og_image":[{"width":400,"height":400,"url":"https:\/\/seacork.com\/wp-content\/uploads\/2020\/11\/Pistolet-Pro2-400-removebg-preview-1.png","type":"image\/png"}],"twitter_card":"summary_large_image","twitter_misc":{"Estimated reading time":"1 minute"},"schema":{"@context":"https:\/\/schema.org","@graph":[{"@type":"WebPage","@id":"https:\/\/seacork.com\/boutique\/pistolet-a-crepir\/pistolet-professionnel-special-pour-liege-projete-seacork-hull-van-et-wall","url":"https:\/\/seacork.com\/boutique\/pistolet-a-crepir\/pistolet-professionnel-special-pour-liege-projete-seacork-hull-van-et-wall","name":"Pistolet pour le li\u00e8ge projet\u00e9 seacork Hull, Van et Wall","isPartOf":{"@id":"https:\/\/seacork.com\/#website"},"primaryImageOfPage":{"@id":"https:\/\/seacork.com\/boutique\/pistolet-a-crepir\/pistolet-professionnel-special-pour-liege-projete-seacork-hull-van-et-wall#primaryimage"},"image":{"@id":"https:\/\/seacork.com\/boutique\/pistolet-a-crepir\/pistolet-professionnel-special-pour-liege-projete-seacork-hull-van-et-wall#primaryimage"},"thumbnailUrl":"https:\/\/seacork.com\/wp-content\/uploads\/2020\/11\/Pistolet-Pro2-400-removebg-preview-1.png","datePublished":"2020-11-03T09:17:43+00:00","dateModified":"2025-07-16T14:21:36+00:00","description":"Ce Pistolet sp\u00e9cialement \u00e9tudi\u00e9 pour le li\u00e8ge projet\u00e9 et particuli\u00e8rement recommand\u00e9 pour les produits Seacork Hull, Van et Wall","breadcrumb":{"@id":"https:\/\/seacork.com\/boutique\/pistolet-a-crepir\/pistolet-professionnel-special-pour-liege-projete-seacork-hull-van-et-wall#breadcrumb"},"inLanguage":"en-GB","potentialAction":[{"@type":"ReadAction","target":["https:\/\/seacork.com\/boutique\/pistolet-a-crepir\/pistolet-professionnel-special-pour-liege-projete-seacork-hull-van-et-wall"]}]},{"@type":"ImageObject","inLanguage":"en-GB","@id":"https:\/\/seacork.com\/boutique\/pistolet-a-crepir\/pistolet-professionnel-special-pour-liege-projete-seacork-hull-van-et-wall#primaryimage","url":"https:\/\/seacork.com\/wp-content\/uploads\/2020\/11\/Pistolet-Pro2-400-removebg-preview-1.png","contentUrl":"https:\/\/seacork.com\/wp-content\/uploads\/2020\/11\/Pistolet-Pro2-400-removebg-preview-1.png","width":400,"height":400},{"@type":"BreadcrumbList","@id":"https:\/\/seacork.com\/boutique\/pistolet-a-crepir\/pistolet-professionnel-special-pour-liege-projete-seacork-hull-van-et-wall#breadcrumb","itemListElement":[{"@type":"ListItem","position":1,"name":"Accueil","item":"https:\/\/seacork.com\/"},{"@type":"ListItem","position":2,"name":"Produits","item":"https:\/\/seacork.com\/boutique__trashed"},{"@type":"ListItem","position":3,"name":"Pistolet pro"}]},{"@type":"WebSite","@id":"https:\/\/seacork.com\/#website","url":"https:\/\/seacork.com\/","name":"seacork","description":"Solutions en li\u00e8ge-Isolation et Antid\u00e9rapant-Nautique Vans Habitat","potentialAction":[{"@type":"SearchAction","target":{"@type":"EntryPoint","urlTemplate":"https:\/\/seacork.com\/?s={search_term_string}"},"query-input":{"@type":"PropertyValueSpecification","valueRequired":true,"valueName":"search_term_string"}}],"inLanguage":"en-GB"}]}},"_links":{"self":[{"href":"https:\/\/seacork.com\/en\/wp-json\/wp\/v2\/product\/12551","targetHints":{"allow":["GET"]}}],"collection":[{"href":"https:\/\/seacork.com\/en\/wp-json\/wp\/v2\/product"}],"about":[{"href":"https:\/\/seacork.com\/en\/wp-json\/wp\/v2\/types\/product"}],"replies":[{"embeddable":true,"href":"https:\/\/seacork.com\/en\/wp-json\/wp\/v2\/comments?post=12551"}],"wp:featuredmedia":[{"embeddable":true,"href":"https:\/\/seacork.com\/en\/wp-json\/wp\/v2\/media\/15376"}],"wp:attachment":[{"href":"https:\/\/seacork.com\/en\/wp-json\/wp\/v2\/media?parent=12551"}],"wp:term":[{"taxonomy":"product_brand","embeddable":true,"href":"https:\/\/seacork.com\/en\/wp-json\/wp\/v2\/product_brand?post=12551"},{"taxonomy":"product_cat","embeddable":true,"href":"https:\/\/seacork.com\/en\/wp-json\/wp\/v2\/product_cat?post=12551"},{"taxonomy":"product_tag","embeddable":true,"href":"https:\/\/seacork.com\/en\/wp-json\/wp\/v2\/product_tag?post=12551"}],"curies":[{"name":"wp","href":"https:\/\/api.w.org\/{rel}","templated":true}]}}