{"id":15108,"date":"2025-07-11T00:45:28","date_gmt":"2025-07-10T22:45:28","guid":{"rendered":"https:\/\/seacork.stagewordpress.fr\/?page_id=15108"},"modified":"2025-07-24T09:12:31","modified_gmt":"2025-07-24T07:12:31","slug":"conditions-generales-de-vente","status":"publish","type":"page","link":"https:\/\/seacork.com\/en\/conditions-generales-de-vente","title":{"rendered":"Terms and conditions of sale"},"content":{"rendered":"<div data-elementor-type=\"wp-page\" data-elementor-id=\"15108\" class=\"elementor elementor-15108\" data-elementor-post-type=\"page\">\n\t\t\t\t<div class=\"elementor-element elementor-element-37dd2db e-flex e-con-boxed e-con e-parent\" data-id=\"37dd2db\" data-element_type=\"container\" data-e-type=\"container\" data-settings=\"{&quot;background_background&quot;:&quot;classic&quot;}\">\n\t\t\t\t\t<div class=\"e-con-inner\">\n\t\t\t\t<div class=\"elementor-element elementor-element-b494f0a elementor-icon-list--layout-inline elementor-align-center elementor-list-item-link-full_width elementor-widget elementor-widget-icon-list\" data-id=\"b494f0a\" data-element_type=\"widget\" data-e-type=\"widget\" data-widget_type=\"icon-list.default\">\n\t\t\t\t<div class=\"elementor-widget-container\">\n\t\t\t\t\t\t\t<ul class=\"elementor-icon-list-items elementor-inline-items\">\n\t\t\t\t\t\t\t<li class=\"elementor-icon-list-item elementor-inline-item\">\n\t\t\t\t\t\t\t\t\t\t<span class=\"elementor-icon-list-text\">Home<\/span>\n\t\t\t\t\t\t\t\t\t<\/li>\n\t\t\t\t\t\t\t\t<li class=\"elementor-icon-list-item elementor-inline-item\">\n\t\t\t\t\t\t\t\t\t\t\t<span class=\"elementor-icon-list-icon\">\n\t\t\t\t\t\t\t<svg aria-hidden=\"true\" class=\"e-font-icon-svg e-fas-chevron-circle-right\" viewbox=\"0 0 512 512\" xmlns=\"http:\/\/www.w3.org\/2000\/svg\"><path d=\"M256 8c137 0 248 111 248 248S393 504 256 504 8 393 8 256 119 8 256 8zm113.9 231L234.4 103.5c-9.4-9.4-24.6-9.4-33.9 0l-17 17c-9.4 9.4-9.4 24.6 0 33.9L285.1 256 183.5 357.6c-9.4 9.4-9.4 24.6 0 33.9l17 17c9.4 9.4 24.6 9.4 33.9 0L369.9 273c9.4-9.4 9.4-24.6 0-34z\"><\/path><\/svg>\t\t\t\t\t\t<\/span>\n\t\t\t\t\t\t\t\t\t\t<span class=\"elementor-icon-list-text\">Terms and conditions of sale<\/span>\n\t\t\t\t\t\t\t\t\t<\/li>\n\t\t\t\t\t\t<\/ul>\n\t\t\t\t\t\t<\/div>\n\t\t\t\t<\/div>\n\t\t\t\t<div class=\"elementor-element elementor-element-b378486 elementor-invisible elementor-widget elementor-widget-heading\" data-id=\"b378486\" data-element_type=\"widget\" data-e-type=\"widget\" data-settings=\"{&quot;_animation&quot;:&quot;fadeInUp&quot;}\" data-widget_type=\"heading.default\">\n\t\t\t\t<div class=\"elementor-widget-container\">\n\t\t\t\t\t<h1 class=\"elementor-heading-title elementor-size-default\">Terms and conditions of sale<\/h1>\t\t\t\t<\/div>\n\t\t\t\t<\/div>\n\t\t\t\t\t<\/div>\n\t\t\t\t<\/div>\n\t\t<div class=\"elementor-element elementor-element-434b1d4a e-flex e-con-boxed e-con e-parent\" data-id=\"434b1d4a\" data-element_type=\"container\" data-e-type=\"container\">\n\t\t\t\t\t<div class=\"e-con-inner\">\n\t\t\t\t<div class=\"elementor-element elementor-element-6676cc48 elementor-widget elementor-widget-text-editor\" data-id=\"6676cc48\" data-element_type=\"widget\" data-e-type=\"widget\" data-widget_type=\"text-editor.default\">\n\t\t\t\t<div class=\"elementor-widget-container\">\n\t\t\t\t\t\t\t\t\t<div class=\"section\"><div class=\"layoutArea\"><div class=\"column\">\u00a0<\/div><\/div><div class=\"layoutArea\"><div class=\"column\"><h4 style=\"padding-left: 40px;\"><span style=\"font-size: inherit;\">I.  CONTRACT ORDERS<\/span><\/h4><\/div><\/div><div class=\"layoutArea\"><div class=\"column\"><p>The Buyer is legally bound as soon as it has sent an order on its company letterhead to our company, by letter, e-mail, fax or agreement on our company's pro-forma.<\/p><\/div><\/div><div class=\"layoutArea\"><div class=\"column\"><h4 style=\"padding-left: 40px;\">II.  DEADLINES - DELIVERIES - SHIPPING<\/h4><\/div><\/div><div class=\"layoutArea\"><div class=\"column\"><h5 style=\"padding-left: 40px;\">A) Deadlines<\/h5><\/div><\/div><div class=\"layoutArea\"><div class=\"column\"><p>Deadlines are given as an indication only and failure to meet them shall not result in any obligation or cancellation of the contract.<\/p><\/div><\/div><div class=\"layoutArea\"><div class=\"column\"><h5 style=\"padding-left: 40px;\">B) Place of delivery<\/h5><\/div><\/div><div class=\"layoutArea\"><div class=\"column\"><p>All orders received are made available at the Soustons (Landes) factory.<\/p><\/div><\/div><div class=\"layoutArea\"><div class=\"column\"><h5 style=\"padding-left: 40px;\">C) Shipping<\/h5><\/div><\/div><div class=\"layoutArea\"><div class=\"column\"><p>The goods always travel at the recipient's risk (Rabier law), sent carriage forward or carriage due. The recipient must notify us of any dispute within 3 days of receipt. No complaint will be accepted if the recipient has not made written reservations to the carrier on arrival, even if the parcel(s) is\/are in good condition.<\/p><\/div><\/div><div class=\"layoutArea\"><div class=\"column\"><h5 style=\"padding-left: 40px;\">D) Packing and shipping costs<\/h5><\/div><\/div><div class=\"layoutArea\"><div class=\"column\"><p>Postage and packaging costs are always payable by the customer.<\/p><\/div><\/div><div class=\"layoutArea\"><div class=\"column\"><h4 style=\"padding-left: 40px;\">III. RETENTION OF TITLE CLAUSE<\/h4><\/div><\/div><div class=\"layoutArea\"><div class=\"column\"><p>It is agreed that we retain ownership of the goods delivered until they have been paid for in full, although the transfer of risk takes place at the time of delivery.<\/p><\/div><\/div><div class=\"layoutArea\"><div class=\"column\"><h4 style=\"padding-left: 40px;\">IV. TERMS OF PAYMENT<\/h4><\/div><\/div><div class=\"layoutArea\"><div class=\"column\"><p>For all orders <span style=\"font-size: inherit;\">Cash payment<\/span><\/p><\/div><\/div><div class=\"layoutArea\"><div class=\"column\"><p>by order\". <span style=\"font-size: inherit;\">a deposit of 40% of the total amount will be requested<\/span><\/p><\/div><\/div><div class=\"layoutArea\"><div class=\"column\"><p>Where a buyer does not have an account with us, cash payment is the rule. Payment must be made in cash or by cheque for goods collected at the factory, and by bank transfer or credit card on the pro forma invoice in advance of delivery.<\/p><\/div><\/div><div class=\"layoutArea\"><div class=\"column\"><p>In addition, and irrespective of the buyer's status, cash payment is also compulsory for all invoices under \u20ac250, unless otherwise stipulated in the sales contract.<\/p><\/div><\/div><div class=\"layoutArea\"><div class=\"column\"><p>Payment by bank transfer on the due date.<\/p><\/div><\/div><div class=\"layoutArea\"><div class=\"column\"><p>Unless otherwise agreed in writing by our Company, payment shall be made by bank transfer within 30 days of the date of issue of the invoice.<\/p><\/div><\/div><div class=\"layoutArea\"><div class=\"column\"><p>Any payment made after the date shown on the invoice will incur, from the due date until collection, late payment interest calculated on the basis of the Banque de France rate in force on the day of collection plus 10 points; this without prejudice to the right to take legal action against the defaulting debtor. In addition, a flat-rate recovery fee of \u20ac80 will be charged. Failure to pay by the due date will result in the forfeiture of any agreement.<\/p><\/div><\/div><div class=\"layoutArea\"><div class=\"column\"><h4 style=\"padding-left: 40px;\">V. GUARANTEE<\/h4><\/div><\/div><div class=\"layoutArea\"><div class=\"column\"><p>We guarantee our products against all material or manufacturing defects for a period of 6 months from the date they leave the factory for Seacork Hull, Van &amp; Wall sprayed cork and 60 months for Seacork Deck &amp; Floor in accordance with the attached terms (on request). In order to invoke the guarantee, the purchaser must, on the one hand, notify Aegir Cork Group sas within 48 hours of discovering the alleged defects and, on the other hand, take steps to establish the validity of the claim.<\/p><p>This warranty is strictly limited to the replacement of any item found to be defective, without any claim for damage or loss caused directly or indirectly being accepted by us. Replaced items remain the property of our Company. This warranty does not extend to normal wear and tear, to damage caused by failure to comply with our recommendations and installation instructions or by abnormal use, or to deterioration or accidents resulting from negligence, improper storage, lack of maintenance or untimely handling.<\/p><\/div><\/div><div class=\"layoutArea\"><div class=\"column\"><h4 style=\"padding-left: 40px;\">VI. PRlX<\/h4><p>Our prices are exclusive of tax, ex-works Soustons (Landes).<\/p><\/div><\/div><div class=\"layoutArea\"><div class=\"column\"><h4 style=\"padding-left: 40px;\">VII. JURISDICTION<\/h4><\/div><\/div><div class=\"layoutArea\"><div class=\"column\"><p>The MONT-DE-MARSAN Commercial Court, which has exclusive jurisdiction, will have sole competence in the event of a dispute.<\/p><\/div><\/div><\/div><div class=\"section\"><div class=\"layoutArea\"><div class=\"column\">\u00a0<\/div><\/div><\/div>\t\t\t\t\t\t\t\t<\/div>\n\t\t\t\t<\/div>\n\t\t\t\t\t<\/div>\n\t\t\t\t<\/div>\n\t\t\t\t<\/div>","protected":false},"excerpt":{"rendered":"<p>Home General terms and conditions of sale General terms and conditions of sale I.  CONTRACT ORDERS The Buyer is legally bound as soon as he has sent an order on his company's letterhead to our company, by letter, e-mail, fax or agreement on our company's pro-forma. II.  DEADLINES - DELIVERIES - SHIPMENTS A) Deadlines The [...]<\/p>","protected":false},"author":410,"featured_media":0,"parent":0,"menu_order":0,"comment_status":"closed","ping_status":"closed","template":"elementor_header_footer","meta":{"inline_featured_image":false,"footnotes":""},"class_list":["post-15108","page","type-page","status-publish","hentry"],"yoast_head":"<!-- This site is optimized with the Yoast SEO plugin v27.5 - https:\/\/yoast.com\/product\/yoast-seo-wordpress\/ -->\n<title>Conditions g\u00e9n\u00e9rales de vente - seacork<\/title>\n<meta name=\"robots\" content=\"noindex, follow\" \/>\n<meta property=\"og:locale\" content=\"en_GB\" \/>\n<meta property=\"og:type\" content=\"article\" \/>\n<meta property=\"og:title\" content=\"Conditions g\u00e9n\u00e9rales de vente - seacork\" \/>\n<meta property=\"og:description\" content=\"Accueil Conditions g\u00e9n\u00e9rales de vente Conditions g\u00e9n\u00e9rales de vente \u00a0 I.\u00a0 COMMANDES CONTRAT l&rsquo;Acheteur est juridiquement engage\u0301 de\u0300s qu&rsquo;il a adresse\u0301 une commande sur papier a\u0300 en-te\u0302te de sa maison a\u0300 notre socie\u0301te\u0301, par lettre, mail, te\u0301le\u0301copie ou bon pour accord sur pro-forma de notre socie\u0301te\u0301. II.\u00a0 D\u00c9LAIS &#8211; LIVRAISONS &#8211; EXPEDITIONS A) De\u0301lais Les [&hellip;]\" \/>\n<meta property=\"og:url\" content=\"https:\/\/seacork.com\/en\/conditions-generales-de-vente\/\" \/>\n<meta property=\"og:site_name\" content=\"seacork\" \/>\n<meta property=\"article:modified_time\" content=\"2025-07-24T07:12:31+00:00\" \/>\n<meta name=\"twitter:card\" content=\"summary_large_image\" \/>\n<meta name=\"twitter:label1\" content=\"Estimated reading time\" \/>\n\t<meta name=\"twitter:data1\" content=\"4 minutes\" \/>\n<script type=\"application\/ld+json\" class=\"yoast-schema-graph\">{\"@context\":\"https:\\\/\\\/schema.org\",\"@graph\":[{\"@type\":\"WebPage\",\"@id\":\"https:\\\/\\\/seacork.com\\\/conditions-generales-de-vente\",\"url\":\"https:\\\/\\\/seacork.com\\\/conditions-generales-de-vente\",\"name\":\"Conditions g\u00e9n\u00e9rales de vente - seacork\",\"isPartOf\":{\"@id\":\"https:\\\/\\\/seacork.com\\\/#website\"},\"datePublished\":\"2025-07-10T22:45:28+00:00\",\"dateModified\":\"2025-07-24T07:12:31+00:00\",\"breadcrumb\":{\"@id\":\"https:\\\/\\\/seacork.com\\\/conditions-generales-de-vente#breadcrumb\"},\"inLanguage\":\"en-GB\",\"potentialAction\":[{\"@type\":\"ReadAction\",\"target\":[\"https:\\\/\\\/seacork.com\\\/conditions-generales-de-vente\"]}]},{\"@type\":\"BreadcrumbList\",\"@id\":\"https:\\\/\\\/seacork.com\\\/conditions-generales-de-vente#breadcrumb\",\"itemListElement\":[{\"@type\":\"ListItem\",\"position\":1,\"name\":\"Accueil\",\"item\":\"https:\\\/\\\/seacork.com\\\/\"},{\"@type\":\"ListItem\",\"position\":2,\"name\":\"Conditions g\u00e9n\u00e9rales de vente\"}]},{\"@type\":\"WebSite\",\"@id\":\"https:\\\/\\\/seacork.com\\\/#website\",\"url\":\"https:\\\/\\\/seacork.com\\\/\",\"name\":\"seacork\",\"description\":\"Solutions en li\u00e8ge-Isolation et Antid\u00e9rapant-Nautique Vans Habitat\",\"potentialAction\":[{\"@type\":\"SearchAction\",\"target\":{\"@type\":\"EntryPoint\",\"urlTemplate\":\"https:\\\/\\\/seacork.com\\\/?s={search_term_string}\"},\"query-input\":{\"@type\":\"PropertyValueSpecification\",\"valueRequired\":true,\"valueName\":\"search_term_string\"}}],\"inLanguage\":\"en-GB\"}]}<\/script>\n<!-- \/ Yoast SEO plugin. -->","yoast_head_json":{"title":"Conditions g\u00e9n\u00e9rales de vente - seacork","robots":{"index":"noindex","follow":"follow"},"og_locale":"en_GB","og_type":"article","og_title":"Conditions g\u00e9n\u00e9rales de vente - seacork","og_description":"Accueil Conditions g\u00e9n\u00e9rales de vente Conditions g\u00e9n\u00e9rales de vente \u00a0 I.\u00a0 COMMANDES CONTRAT l&rsquo;Acheteur est juridiquement engage\u0301 de\u0300s qu&rsquo;il a adresse\u0301 une commande sur papier a\u0300 en-te\u0302te de sa maison a\u0300 notre socie\u0301te\u0301, par lettre, mail, te\u0301le\u0301copie ou bon pour accord sur pro-forma de notre socie\u0301te\u0301. II.\u00a0 D\u00c9LAIS &#8211; LIVRAISONS &#8211; EXPEDITIONS A) De\u0301lais Les [&hellip;]","og_url":"https:\/\/seacork.com\/en\/conditions-generales-de-vente\/","og_site_name":"seacork","article_modified_time":"2025-07-24T07:12:31+00:00","twitter_card":"summary_large_image","twitter_misc":{"Estimated reading time":"4 minutes"},"schema":{"@context":"https:\/\/schema.org","@graph":[{"@type":"WebPage","@id":"https:\/\/seacork.com\/conditions-generales-de-vente","url":"https:\/\/seacork.com\/conditions-generales-de-vente","name":"Conditions g\u00e9n\u00e9rales de vente - seacork","isPartOf":{"@id":"https:\/\/seacork.com\/#website"},"datePublished":"2025-07-10T22:45:28+00:00","dateModified":"2025-07-24T07:12:31+00:00","breadcrumb":{"@id":"https:\/\/seacork.com\/conditions-generales-de-vente#breadcrumb"},"inLanguage":"en-GB","potentialAction":[{"@type":"ReadAction","target":["https:\/\/seacork.com\/conditions-generales-de-vente"]}]},{"@type":"BreadcrumbList","@id":"https:\/\/seacork.com\/conditions-generales-de-vente#breadcrumb","itemListElement":[{"@type":"ListItem","position":1,"name":"Accueil","item":"https:\/\/seacork.com\/"},{"@type":"ListItem","position":2,"name":"Conditions g\u00e9n\u00e9rales de vente"}]},{"@type":"WebSite","@id":"https:\/\/seacork.com\/#website","url":"https:\/\/seacork.com\/","name":"seacork","description":"Solutions en li\u00e8ge-Isolation et Antid\u00e9rapant-Nautique Vans Habitat","potentialAction":[{"@type":"SearchAction","target":{"@type":"EntryPoint","urlTemplate":"https:\/\/seacork.com\/?s={search_term_string}"},"query-input":{"@type":"PropertyValueSpecification","valueRequired":true,"valueName":"search_term_string"}}],"inLanguage":"en-GB"}]}},"_links":{"self":[{"href":"https:\/\/seacork.com\/en\/wp-json\/wp\/v2\/pages\/15108","targetHints":{"allow":["GET"]}}],"collection":[{"href":"https:\/\/seacork.com\/en\/wp-json\/wp\/v2\/pages"}],"about":[{"href":"https:\/\/seacork.com\/en\/wp-json\/wp\/v2\/types\/page"}],"author":[{"embeddable":true,"href":"https:\/\/seacork.com\/en\/wp-json\/wp\/v2\/users\/410"}],"replies":[{"embeddable":true,"href":"https:\/\/seacork.com\/en\/wp-json\/wp\/v2\/comments?post=15108"}],"version-history":[{"count":18,"href":"https:\/\/seacork.com\/en\/wp-json\/wp\/v2\/pages\/15108\/revisions"}],"predecessor-version":[{"id":16109,"href":"https:\/\/seacork.com\/en\/wp-json\/wp\/v2\/pages\/15108\/revisions\/16109"}],"wp:attachment":[{"href":"https:\/\/seacork.com\/en\/wp-json\/wp\/v2\/media?parent=15108"}],"curies":[{"name":"wp","href":"https:\/\/api.w.org\/{rel}","templated":true}]}}