{"id":100,"date":"2018-08-21T11:13:13","date_gmt":"2018-08-21T09:13:13","guid":{"rendered":"https:\/\/nouveau.seacork.fr\/panier\/"},"modified":"2026-03-20T11:20:46","modified_gmt":"2026-03-20T10:20:46","slug":"panier","status":"publish","type":"page","link":"https:\/\/seacork.com\/en\/panier","title":{"rendered":"Basket"},"content":{"rendered":"<div data-elementor-type=\"wp-page\" data-elementor-id=\"100\" class=\"elementor elementor-100\" data-elementor-post-type=\"page\">\n\t\t\t\t<div class=\"elementor-element elementor-element-d7d6295 e-flex e-con-boxed e-con e-parent\" data-id=\"d7d6295\" data-element_type=\"container\" data-e-type=\"container\" data-settings=\"{&quot;background_background&quot;:&quot;classic&quot;}\">\n\t\t\t\t\t<div class=\"e-con-inner\">\n\t\t<div class=\"elementor-element elementor-element-f7c799e e-con-full e-flex e-con e-child\" data-id=\"f7c799e\" data-element_type=\"container\" data-e-type=\"container\">\n\t\t\t\t<div class=\"elementor-element elementor-element-c437ebc elementor-icon-list--layout-inline elementor-align-center elementor-list-item-link-full_width elementor-widget elementor-widget-icon-list\" data-id=\"c437ebc\" data-element_type=\"widget\" data-e-type=\"widget\" data-widget_type=\"icon-list.default\">\n\t\t\t\t<div class=\"elementor-widget-container\">\n\t\t\t\t\t\t\t<ul class=\"elementor-icon-list-items elementor-inline-items\">\n\t\t\t\t\t\t\t<li class=\"elementor-icon-list-item elementor-inline-item\">\n\t\t\t\t\t\t\t\t\t\t\t<a href=\"https:\/\/seacork.com\/en\/2025-boutique-nautique\/\">\n\n\t\t\t\t\t\t\t\t\t\t\t<span class=\"elementor-icon-list-text\">Shop<\/span>\n\t\t\t\t\t\t\t\t\t\t\t<\/a>\n\t\t\t\t\t\t\t\t\t<\/li>\n\t\t\t\t\t\t\t\t<li class=\"elementor-icon-list-item elementor-inline-item\">\n\t\t\t\t\t\t\t\t\t\t\t<span class=\"elementor-icon-list-icon\">\n\t\t\t\t\t\t\t<svg aria-hidden=\"true\" class=\"e-font-icon-svg e-fas-chevron-circle-right\" viewbox=\"0 0 512 512\" xmlns=\"http:\/\/www.w3.org\/2000\/svg\"><path d=\"M256 8c137 0 248 111 248 248S393 504 256 504 8 393 8 256 119 8 256 8zm113.9 231L234.4 103.5c-9.4-9.4-24.6-9.4-33.9 0l-17 17c-9.4 9.4-9.4 24.6 0 33.9L285.1 256 183.5 357.6c-9.4 9.4-9.4 24.6 0 33.9l17 17c9.4 9.4 24.6 9.4 33.9 0L369.9 273c9.4-9.4 9.4-24.6 0-34z\"><\/path><\/svg>\t\t\t\t\t\t<\/span>\n\t\t\t\t\t\t\t\t\t\t<span class=\"elementor-icon-list-text\">Basket<\/span>\n\t\t\t\t\t\t\t\t\t<\/li>\n\t\t\t\t\t\t<\/ul>\n\t\t\t\t\t\t<\/div>\n\t\t\t\t<\/div>\n\t\t\t\t<div class=\"elementor-element elementor-element-58c9bcd elementor-invisible elementor-widget elementor-widget-heading\" data-id=\"58c9bcd\" data-element_type=\"widget\" data-e-type=\"widget\" data-settings=\"{&quot;_animation&quot;:&quot;fadeInUp&quot;}\" data-widget_type=\"heading.default\">\n\t\t\t\t<div class=\"elementor-widget-container\">\n\t\t\t\t\t<h1 class=\"elementor-heading-title elementor-size-default\">Basket<\/h1>\t\t\t\t<\/div>\n\t\t\t\t<\/div>\n\t\t\t\t<div class=\"elementor-element elementor-element-01fe73e animated-fast elementor-hidden-desktop elementor-hidden-tablet elementor-hidden-mobile elementor-invisible elementor-widget elementor-widget-text-editor\" data-id=\"01fe73e\" data-element_type=\"widget\" data-e-type=\"widget\" data-settings=\"{&quot;_animation&quot;:&quot;shake&quot;,&quot;_animation_delay&quot;:1300}\" data-widget_type=\"text-editor.default\">\n\t\t\t\t<div class=\"elementor-widget-container\">\n\t\t\t\t\t\t\t\t\t<p><span style=\"text-decoration: underline;\"><em><strong>As the company is on holiday from 04 August to 22 August inclusive, no orders can be dispatched before the week of 25 August.<\/strong><\/em><\/span><\/p>\t\t\t\t\t\t\t\t<\/div>\n\t\t\t\t<\/div>\n\t\t\t\t<\/div>\n\t\t\t\t\t<\/div>\n\t\t\t\t<\/div>\n\t\t<div class=\"elementor-element elementor-element-6c5c2c0 e-flex e-con-boxed e-con e-parent\" data-id=\"6c5c2c0\" data-element_type=\"container\" data-e-type=\"container\">\n\t\t\t\t\t<div class=\"e-con-inner\">\n\t\t\t\t<div class=\"elementor-element elementor-element-8b34b32 elementor-widget elementor-widget-heading\" data-id=\"8b34b32\" data-element_type=\"widget\" data-e-type=\"widget\" data-widget_type=\"heading.default\">\n\t\t\t\t<div class=\"elementor-widget-container\">\n\t\t\t\t\t<h4 class=\"elementor-heading-title elementor-size-default\"><a href=\"https:\/\/seacork.com\/en\/contact\/\" target=\"_blank\">For delivery prices tailored to your destination, contact us here!<\/a><\/h4>\t\t\t\t<\/div>\n\t\t\t\t<\/div>\n\t\t\t\t\t<\/div>\n\t\t\t\t<\/div>\n\t\t<div class=\"elementor-element elementor-element-47916b3 e-flex e-con-boxed e-con e-parent\" data-id=\"47916b3\" data-element_type=\"container\" data-e-type=\"container\">\n\t\t\t\t\t<div class=\"e-con-inner\">\n\t\t\t\t\t<\/div>\n\t\t\t\t<\/div>\n\t\t\t\t<\/div>","protected":false},"excerpt":{"rendered":"<p>Boutique Panier La soci\u00e9t\u00e9 \u00e9tant en cong\u00e9s du 04 ao\u00fbt au 22 ao\u00fbt inclus, aucune commande ne pourra \u00eatre exp\u00e9di\u00e9e avant la semaine du 25 ao\u00fbt. Pour des prix de livraisons sur mesure en fonction des destinations, contactez nous ici! Supprimer l\u2019\u00e9l\u00e9ment Miniature Produit Prix Quantit\u00e9 Sous-total &times; Saturateur protection de surface contenance: 1\/4 Litre [&hellip;]<\/p>","protected":false},"author":2,"featured_media":0,"parent":0,"menu_order":0,"comment_status":"closed","ping_status":"closed","template":"","meta":{"inline_featured_image":false,"footnotes":""},"class_list":["post-100","page","type-page","status-publish","hentry"],"yoast_head":"<!-- This site is optimized with the Yoast SEO plugin v27.5 - https:\/\/yoast.com\/product\/yoast-seo-wordpress\/ -->\n<title>Panier - seacork<\/title>\n<meta name=\"description\" content=\"Panier boutique de produits SEACORK. Vous cherchez du Li\u00e8ge pour un rev\u00eatement de pont de bateau ou du li\u00e8ge projet\u00e9 pour l&#039;isolation de coques ou de v\u00e9hicules? vous cherchez du Seacork!\" \/>\n<meta name=\"robots\" content=\"index, follow, max-snippet:-1, max-image-preview:large, max-video-preview:-1\" \/>\n<link rel=\"canonical\" href=\"https:\/\/seacork.com\/en\/panier\/\" \/>\n<meta property=\"og:locale\" content=\"en_GB\" \/>\n<meta property=\"og:type\" content=\"article\" \/>\n<meta property=\"og:title\" content=\"Panier - seacork\" \/>\n<meta property=\"og:description\" content=\"Panier boutique de produits SEACORK. Vous cherchez du Li\u00e8ge pour un rev\u00eatement de pont de bateau ou du li\u00e8ge projet\u00e9 pour l&#039;isolation de coques ou de v\u00e9hicules? vous cherchez du Seacork!\" \/>\n<meta property=\"og:url\" content=\"https:\/\/seacork.com\/en\/panier\/\" \/>\n<meta property=\"og:site_name\" content=\"seacork\" \/>\n<meta property=\"article:modified_time\" content=\"2026-03-20T10:20:46+00:00\" \/>\n<meta property=\"og:image\" content=\"https:\/\/seacork.com\/wp-content\/uploads\/2019\/02\/CC-010-400x400.jpg\" \/>\n<meta name=\"twitter:card\" content=\"summary_large_image\" \/>\n<meta name=\"twitter:label1\" content=\"Estimated reading time\" \/>\n\t<meta name=\"twitter:data1\" content=\"4 minutes\" \/>\n<script type=\"application\/ld+json\" class=\"yoast-schema-graph\">{\"@context\":\"https:\\\/\\\/schema.org\",\"@graph\":[{\"@type\":\"WebPage\",\"@id\":\"https:\\\/\\\/seacork.com\\\/panier\",\"url\":\"https:\\\/\\\/seacork.com\\\/panier\",\"name\":\"Panier - seacork\",\"isPartOf\":{\"@id\":\"https:\\\/\\\/seacork.com\\\/#website\"},\"primaryImageOfPage\":{\"@id\":\"https:\\\/\\\/seacork.com\\\/panier#primaryimage\"},\"image\":{\"@id\":\"https:\\\/\\\/seacork.com\\\/panier#primaryimage\"},\"thumbnailUrl\":\"https:\\\/\\\/seacork.com\\\/wp-content\\\/uploads\\\/2019\\\/02\\\/CC-010-400x400.jpg\",\"datePublished\":\"2018-08-21T09:13:13+00:00\",\"dateModified\":\"2026-03-20T10:20:46+00:00\",\"description\":\"Panier boutique de produits SEACORK. Vous cherchez du Li\u00e8ge pour un rev\u00eatement de pont de bateau ou du li\u00e8ge projet\u00e9 pour l'isolation de coques ou de v\u00e9hicules? vous cherchez du Seacork!\",\"breadcrumb\":{\"@id\":\"https:\\\/\\\/seacork.com\\\/panier#breadcrumb\"},\"inLanguage\":\"en-GB\",\"potentialAction\":[{\"@type\":\"ReadAction\",\"target\":[\"https:\\\/\\\/seacork.com\\\/panier\"]}]},{\"@type\":\"ImageObject\",\"inLanguage\":\"en-GB\",\"@id\":\"https:\\\/\\\/seacork.com\\\/panier#primaryimage\",\"url\":\"https:\\\/\\\/seacork.com\\\/wp-content\\\/uploads\\\/2019\\\/02\\\/CC-010-400x400.jpg\",\"contentUrl\":\"https:\\\/\\\/seacork.com\\\/wp-content\\\/uploads\\\/2019\\\/02\\\/CC-010-400x400.jpg\"},{\"@type\":\"BreadcrumbList\",\"@id\":\"https:\\\/\\\/seacork.com\\\/panier#breadcrumb\",\"itemListElement\":[{\"@type\":\"ListItem\",\"position\":1,\"name\":\"Accueil\",\"item\":\"https:\\\/\\\/seacork.com\\\/\"},{\"@type\":\"ListItem\",\"position\":2,\"name\":\"Panier\"}]},{\"@type\":\"WebSite\",\"@id\":\"https:\\\/\\\/seacork.com\\\/#website\",\"url\":\"https:\\\/\\\/seacork.com\\\/\",\"name\":\"seacork\",\"description\":\"Solutions en li\u00e8ge-Isolation et Antid\u00e9rapant-Nautique Vans Habitat\",\"potentialAction\":[{\"@type\":\"SearchAction\",\"target\":{\"@type\":\"EntryPoint\",\"urlTemplate\":\"https:\\\/\\\/seacork.com\\\/?s={search_term_string}\"},\"query-input\":{\"@type\":\"PropertyValueSpecification\",\"valueRequired\":true,\"valueName\":\"search_term_string\"}}],\"inLanguage\":\"en-GB\"}]}<\/script>\n<!-- \/ Yoast SEO plugin. -->","yoast_head_json":{"title":"Panier - seacork","description":"Panier boutique de produits SEACORK. Vous cherchez du Li\u00e8ge pour un rev\u00eatement de pont de bateau ou du li\u00e8ge projet\u00e9 pour l'isolation de coques ou de v\u00e9hicules? vous cherchez du Seacork!","robots":{"index":"index","follow":"follow","max-snippet":"max-snippet:-1","max-image-preview":"max-image-preview:large","max-video-preview":"max-video-preview:-1"},"canonical":"https:\/\/seacork.com\/en\/panier\/","og_locale":"en_GB","og_type":"article","og_title":"Panier - seacork","og_description":"Panier boutique de produits SEACORK. Vous cherchez du Li\u00e8ge pour un rev\u00eatement de pont de bateau ou du li\u00e8ge projet\u00e9 pour l'isolation de coques ou de v\u00e9hicules? vous cherchez du Seacork!","og_url":"https:\/\/seacork.com\/en\/panier\/","og_site_name":"seacork","article_modified_time":"2026-03-20T10:20:46+00:00","og_image":[{"url":"https:\/\/seacork.com\/wp-content\/uploads\/2019\/02\/CC-010-400x400.jpg","type":"","width":"","height":""}],"twitter_card":"summary_large_image","twitter_misc":{"Estimated reading time":"4 minutes"},"schema":{"@context":"https:\/\/schema.org","@graph":[{"@type":"WebPage","@id":"https:\/\/seacork.com\/panier","url":"https:\/\/seacork.com\/panier","name":"Panier - seacork","isPartOf":{"@id":"https:\/\/seacork.com\/#website"},"primaryImageOfPage":{"@id":"https:\/\/seacork.com\/panier#primaryimage"},"image":{"@id":"https:\/\/seacork.com\/panier#primaryimage"},"thumbnailUrl":"https:\/\/seacork.com\/wp-content\/uploads\/2019\/02\/CC-010-400x400.jpg","datePublished":"2018-08-21T09:13:13+00:00","dateModified":"2026-03-20T10:20:46+00:00","description":"Panier boutique de produits SEACORK. Vous cherchez du Li\u00e8ge pour un rev\u00eatement de pont de bateau ou du li\u00e8ge projet\u00e9 pour l'isolation de coques ou de v\u00e9hicules? vous cherchez du Seacork!","breadcrumb":{"@id":"https:\/\/seacork.com\/panier#breadcrumb"},"inLanguage":"en-GB","potentialAction":[{"@type":"ReadAction","target":["https:\/\/seacork.com\/panier"]}]},{"@type":"ImageObject","inLanguage":"en-GB","@id":"https:\/\/seacork.com\/panier#primaryimage","url":"https:\/\/seacork.com\/wp-content\/uploads\/2019\/02\/CC-010-400x400.jpg","contentUrl":"https:\/\/seacork.com\/wp-content\/uploads\/2019\/02\/CC-010-400x400.jpg"},{"@type":"BreadcrumbList","@id":"https:\/\/seacork.com\/panier#breadcrumb","itemListElement":[{"@type":"ListItem","position":1,"name":"Accueil","item":"https:\/\/seacork.com\/"},{"@type":"ListItem","position":2,"name":"Panier"}]},{"@type":"WebSite","@id":"https:\/\/seacork.com\/#website","url":"https:\/\/seacork.com\/","name":"seacork","description":"Solutions en li\u00e8ge-Isolation et Antid\u00e9rapant-Nautique Vans Habitat","potentialAction":[{"@type":"SearchAction","target":{"@type":"EntryPoint","urlTemplate":"https:\/\/seacork.com\/?s={search_term_string}"},"query-input":{"@type":"PropertyValueSpecification","valueRequired":true,"valueName":"search_term_string"}}],"inLanguage":"en-GB"}]}},"_links":{"self":[{"href":"https:\/\/seacork.com\/en\/wp-json\/wp\/v2\/pages\/100","targetHints":{"allow":["GET"]}}],"collection":[{"href":"https:\/\/seacork.com\/en\/wp-json\/wp\/v2\/pages"}],"about":[{"href":"https:\/\/seacork.com\/en\/wp-json\/wp\/v2\/types\/page"}],"author":[{"embeddable":true,"href":"https:\/\/seacork.com\/en\/wp-json\/wp\/v2\/users\/2"}],"replies":[{"embeddable":true,"href":"https:\/\/seacork.com\/en\/wp-json\/wp\/v2\/comments?post=100"}],"version-history":[{"count":46,"href":"https:\/\/seacork.com\/en\/wp-json\/wp\/v2\/pages\/100\/revisions"}],"predecessor-version":[{"id":16364,"href":"https:\/\/seacork.com\/en\/wp-json\/wp\/v2\/pages\/100\/revisions\/16364"}],"wp:attachment":[{"href":"https:\/\/seacork.com\/en\/wp-json\/wp\/v2\/media?parent=100"}],"curies":[{"name":"wp","href":"https:\/\/api.w.org\/{rel}","templated":true}]}}